{"id":2500,"date":"2024-03-11T13:38:16","date_gmt":"2024-03-11T12:38:16","guid":{"rendered":"https:\/\/epilepsypower.indesign.it\/?page_id=2500"},"modified":"2025-02-01T09:24:47","modified_gmt":"2025-02-01T08:24:47","slug":"lp1-final-test","status":"publish","type":"page","link":"https:\/\/epilepsypower.indesign.it\/de\/lp1-final-test\/","title":{"rendered":"LP1-Abschlusstest"},"content":{"rendered":"<div data-elementor-type=\"wp-page\" data-elementor-id=\"2500\" class=\"elementor elementor-2500\">\n\t\t\t\t\t\t<section class=\"elementor-section elementor-top-section elementor-element elementor-element-2de99351 elementor-section-boxed elementor-section-height-default elementor-section-height-default smart-sticky-default\" data-id=\"2de99351\" data-element_type=\"section\" data-e-type=\"section\">\r\n\t\t\t\t\t\t\t\t<div class=\"elementor-container elementor-column-gap-default\">\r\n\t\t\t\t\r\n\t\t\t\t\t\t\t\t<div class=\"elementor-column elementor-col-100 elementor-top-column elementor-element elementor-element-44908141\" data-id=\"44908141\" data-element_type=\"column\" data-e-type=\"column\">\r\n\r\n\t\t\t\t\r\n\t\t\t\t<div class=\"elementor-widget-wrap elementor-element-populated\">\r\n\t\t\t\t\t\t\t\t\t\t\r\n\t\t\t\t\t\t<div class=\"elementor-element elementor-element-1829ca98 elementor-widget elementor-widget-shortcode\" data-id=\"1829ca98\" data-element_type=\"widget\" data-e-type=\"widget\" data-widget_type=\"shortcode.default\">\n\t\t\t\t<div class=\"elementor-widget-container\">\n\t\t\t\t\t\t\t<div class=\"elementor-shortcode\"><style>\n\n\t.domanda {\n\t\tmargin: 20px 0;\n\t\tpaddin: 10px 0;\n\t}\n\n<\/style>\n\n\n\n\n<form name=\"quiz\" id=\"quiz\" method=\"post\" action=\"\">\n\t\n\t<h3>Das Zertifikat wird nur 1 Stunde nach Abschluss des Quiz verf\u00fcgbar sein.<\/h3>\n\t\n\t<input type=\"hidden\" id=\"post_nonce_field\" name=\"post_nonce_field\" value=\"8f9bde128b\" \/><input type=\"hidden\" name=\"_wp_http_referer\" value=\"\/de\/wp-json\/wp\/v2\/pages\/2500\" \/>\n\t<p><label for=\"name\">Name*<\/label><br>\n\t<input type=\"text\" name=\"name_for_certificate\" required><\/p>\n\t\n\t<p><label for=\"name\">Nachname*<\/label><br>\n\t<input type=\"text\" name=\"surname_for_certificate\" required><\/p>\n\t\n\t\t\n\t<p><label for=\"company\">Ihr Unternehmen<\/label><br>\n\t\n\t\t<select name=\"company\"  style=\"min-height:50px !important;\">\n\t\t\t<option value=\"no\" selected> Keine <\/option>\n\t\t\t <option value=\"3\">3MIND<\/option> <option value=\"2\">Super Azienda S.r.l.<\/option>\t\t\t\n\t\t<\/select>\n\t\t\t\n\t<\/p>\n\t\t\n\t<p>\n\tWir ben\u00f6tigen nur Ihren Vor- und Nachnamen, um das Abschlusszertifikat auszustellen, und werden diese nicht f\u00fcr andere Zwecke verwenden.<br>\n\t<u>Das Zertifikat wird nur 1 Stunde nach Abschluss des Quiz verf\u00fcgbar sein.<\/u>\n\t<\/p>\n\t\n\t<hr>\n\t\n\t\t<div class=\"domanda\">\n\t\t<strong>1. Gibt es bei Menschen mit Epilepsie h\u00e4ufiger Unf\u00e4lle?<\/strong>\t<br>\n\t\t<label><input type=\"radio\" name=\"domande_quiz_OTTO_quizid_5916\" value=\"A\" required> Menschen mit Epilepsie erleben keine Unf\u00e4lle.<\/label><br>\n\t\t<label><input type=\"radio\" name=\"domande_quiz_OTTO_quizid_5916\" value=\"B\"> Nein, sie weisen \u00e4hnliche Unfallraten auf wie die Allgemeinbev\u00f6lkerung.<\/label><br>\n\t\t<label><input type=\"radio\" name=\"domande_quiz_OTTO_quizid_5916\" value=\"C\"> Ja.<\/label><br>\n\t\t<label><input type=\"radio\" name=\"domande_quiz_OTTO_quizid_5916\" value=\"D\"> Nein, sie weisen eine geringere Unfallrate auf.<\/label><br>\n\t<\/div>\n\t<div class=\"domanda\">\n\t\t<strong>2. Welche Arten von Krampfanf\u00e4llen gibt es?<\/strong>\t<br>\n\t\t<label><input type=\"radio\" name=\"domande_quiz_NOVE_quizid_5916\" value=\"A\" required> Abwesenheit.<\/label><br>\n\t\t<label><input type=\"radio\" name=\"domande_quiz_NOVE_quizid_5916\" value=\"B\"> Anwesenheit.<\/label><br>\n\t\t<label><input type=\"radio\" name=\"domande_quiz_NOVE_quizid_5916\" value=\"C\"> Medizinische Pf\u00e4ndungen.<\/label><br>\n\t\t<label><input type=\"radio\" name=\"domande_quiz_NOVE_quizid_5916\" value=\"D\"> Absencen, Fokale Anf\u00e4lle, Generalisierte tonisch-klonische Anf\u00e4lle.<\/label><br>\n\t<\/div>\n\t<div class=\"domanda\">\n\t\t<strong>3. Welchen Einfluss hat die gesellschaftliche Wahrnehmung von Epilepsie auf die beruflichen M\u00f6glichkeiten von Menschen mit Epilepsie?<\/strong>\t<br>\n\t\t<label><input type=\"radio\" name=\"domande_quiz_DUE_quizid_6049\" value=\"A\" required> Die gesellschaftliche Wahrnehmung ist gr\u00f6\u00dftenteils stark von Vorurteilen gepr\u00e4gt und stellt f\u00fcr Menschen mit Epilepsie das gr\u00f6\u00dfte Hindernis auf dem Arbeitsmarkt dar.<\/label><br>\n\t\t<label><input type=\"radio\" name=\"domande_quiz_DUE_quizid_6049\" value=\"B\"> Die gesellschaftliche Wahrnehmung der Epilepsie ist wie eine Art Warnsystem, um berechtigte Bedenken ernst zu nehmen und unn\u00f6tige Risiken am Arbeitsplatz zu vermeiden.<\/label><br>\n\t\t<label><input type=\"radio\" name=\"domande_quiz_DUE_quizid_6049\" value=\"C\"> Die gesellschaftliche Wahrnehmung von Epilepsie ist sehr sensibel und tr\u00e4gt dazu bei, dass sich Menschen mit Epilepsie reibungslos in die Arbeitswelt integrieren k\u00f6nnen.<\/label><br>\n\t\t<label><input type=\"radio\" name=\"domande_quiz_DUE_quizid_6049\" value=\"D\"> Die gesellschaftliche Wahrnehmung der Epilepsie hat keine Auswirkungen auf den Arbeitsmarkt, da die Arbeitgeber:innen heute im Allgemeinen keine Vorurteile mehr haben.<\/label><br>\n\t<\/div>\n\t<div class=\"domanda\">\n\t\t<strong>4. Wie sollten die ersten Schritte der Berufsorientierung f\u00fcr Menschen mit und ohne Epilepsie unterschiedlich sein?<\/strong>\t<br>\n\t\t<label><input type=\"radio\" name=\"domande_quiz_TRE_quizid_6049\" value=\"A\" required> Sie sollten sich nicht unterscheiden, denn zun\u00e4chst sollten Sie sich \u00fcber Ihre eigenen Vorlieben klar werden. Die einschr\u00e4nkenden Faktoren sollten erst sp\u00e4ter ber\u00fccksichtigt werden.<\/label><br>\n\t\t<label><input type=\"radio\" name=\"domande_quiz_TRE_quizid_6049\" value=\"B\"> Menschen mit Epilepsie haben besondere Einschr\u00e4nkungen, die von Anfang an ber\u00fccksichtigt werden m\u00fcssen. Zum einen sollte der Rahmen, in dem sich die Menschen beruflich orientieren k\u00f6nnen, klar sein.<\/label><br>\n\t\t<label><input type=\"radio\" name=\"domande_quiz_TRE_quizid_6049\" value=\"C\"> Zun\u00e4chst einmal sollten Menschen mit Epilepsie ein medizinisches Gutachten einholen, bevor sie sich f\u00fcr einen Berufswunsch entscheiden.<\/label><br>\n\t\t<label><input type=\"radio\" name=\"domande_quiz_TRE_quizid_6049\" value=\"D\"> Menschen ohne Epilepsie sollten sich zun\u00e4chst auf ihre St\u00e4rken konzentrieren, w\u00e4hrend Menschen mit Epilepsie sich auf die Bew\u00e4ltigung ihrer Krankheit konzentrieren sollten, bevor sie sich Gedanken \u00fcber ihre beruflichen Pr\u00e4ferenzen machen.<\/label><br>\n\t<\/div>\n\t<div class=\"domanda\">\n\t\t<strong>5. Die Europ\u00e4ische Strategie f\u00fcr Menschen mit Behinderungen 2021-2030 umfasst konkrete Ma\u00dfnahmen zur Verbesserung des Zugangs zu Besch\u00e4ftigung und Bildung f\u00fcr Menschen mit Behinderungen.<\/strong>\t<br>\n\t\t<label><input type=\"radio\" name=\"domande_quiz_TRE_quizid_6064\" value=\"A\" required> Richtig: Die europ\u00e4ische Strategie schl\u00e4gt konkrete Ma\u00dfnahmen f\u00fcr den Zugang zu Besch\u00e4ftigung und Bildung vor.<\/label><br>\n\t\t<label><input type=\"radio\" name=\"domande_quiz_TRE_quizid_6064\" value=\"B\"> Falsch, wenn es um den Zugang zur Bildung geht: die europ\u00e4ische Strategie schl\u00e4gt nichts Konkretes vor<\/label><br>\n\t\t<label><input type=\"radio\" name=\"domande_quiz_TRE_quizid_6064\" value=\"C\"> Richtig und falsch: Die Ma\u00dfnahmen f\u00fcr den Zugang zu Besch\u00e4ftigung und Bildung sind allgemein gehalten, es handelt sich um allgemeine Empfehlungen, die nicht wirklich konkret sind.<\/label><br>\n\t\t<label><input type=\"radio\" name=\"domande_quiz_TRE_quizid_6064\" value=\"D\"> Falsch, was den Zugang zur Besch\u00e4ftigung betrifft: Die europ\u00e4ische Strategie enth\u00e4lt keine konkreten Vorschl\u00e4ge.<\/label><br>\n\t<\/div>\n\t<div class=\"domanda\">\n\t\t<strong>6. Der internationale und europ\u00e4ische Rechtsrahmen garantiert automatisch die Chancengleichheit f\u00fcr Menschen mit Behinderungen in allen Mitgliedstaaten.<\/strong>\t<br>\n\t\t<label><input type=\"radio\" name=\"domande_quiz_SEI_quizid_6064\" value=\"A\" required> Richtig: Der internationale und europ\u00e4ische Rechtsrahmen garantiert Chancengleichheit f\u00fcr Menschen mit Behinderungen in allen Mitgliedstaaten.<\/label><br>\n\t\t<label><input type=\"radio\" name=\"domande_quiz_SEI_quizid_6064\" value=\"B\"> Der falsche internationale und europ\u00e4ische Rechtsrahmen garantiert nicht in allen Mitgliedstaaten die Chancengleichheit f\u00fcr Menschen mit Behinderungen.<\/label><br>\n\t\t<label><input type=\"radio\" name=\"domande_quiz_SEI_quizid_6064\" value=\"C\"> Richtig und falsch: Diese Aussage ist zweideutig, denn obwohl der internationale und europ\u00e4ische Rechtsrahmen Normen f\u00fcr die Chancengleichheit festlegt, unterscheiden sich deren Umsetzung und Wirksamkeit von einem Mitgliedstaat zum anderen erheblich. Unterschiede bestehen in Bezug auf Ressourcen, politischen Willen und kulturelle Praktiken.<\/label><br>\n\t\t<label><input type=\"radio\" name=\"domande_quiz_SEI_quizid_6064\" value=\"D\"> Richtig: Der internationale und der europ\u00e4ische Rechtsrahmen garantieren die Chancengleichheit f\u00fcr Menschen mit Behinderungen in den Mitgliedstaaten dank eines internationalen \u00dcberwachungsgremiums, das Sanktionen gegen Staaten verh\u00e4ngt, die sich nicht daran halten.<\/label><br>\n\t<\/div>\n\t<div class=\"domanda\">\n\t\t<strong>7. Die nationalen Gesetze der europ\u00e4ischen L\u00e4nder reichen aus, um die vollst\u00e4ndige Integration von Menschen mit Behinderungen in die Arbeitswelt ohne Diskriminierung zu gew\u00e4hrleisten.<\/strong>\t<br>\n\t\t<label><input type=\"radio\" name=\"domande_quiz_SETTE_quizid_6064\" value=\"A\" required> Richtig: Viele nationale Gesetze zielen darauf ab, die Rechte von Menschen mit Behinderungen zu sch\u00fctzen.<\/label><br>\n\t\t<label><input type=\"radio\" name=\"domande_quiz_SETTE_quizid_6064\" value=\"B\"> Falsch: Die Anwendung und die Auswirkungen von Gesetzen reichen nicht aus, um zu gew\u00e4hrleisten, dass Menschen mit Behinderung ohne Diskriminierung vollst\u00e4ndig in die Arbeitswelt integriert werden.<\/label><br>\n\t\t<label><input type=\"radio\" name=\"domande_quiz_SETTE_quizid_6064\" value=\"C\"> Falsch, es gibt zu wenige nationale Gesetze, um die Integration von Menschen mit Behinderungen zu gew\u00e4hrleisten.<\/label><br>\n\t\t<label><input type=\"radio\" name=\"domande_quiz_SETTE_quizid_6064\" value=\"D\"> Richtig und falsch: Diese Aussage ist zweideutig, denn obwohl viele nationale Gesetze darauf abzielen, die Rechte von Menschen mit Behinderungen zu sch\u00fctzen, kann ihre Anwendung und Wirkung unzureichend sein. Kulturelle, wirtschaftliche und verwaltungstechnische Hindernisse k\u00f6nnen die Wirksamkeit dieser Gesetze einschr\u00e4nken, so dass kontinuierliche Anstrengungen und erh\u00f6hte Wachsamkeit erforderlich sind, um eine echte Integration zu gew\u00e4hrleisten.<\/label><br>\n\t<\/div>\n\t<div class=\"domanda\">\n\t\t<strong>8. Welches Ziel wird mit der F\u00f6rderung wertvoller Interaktionen zwischen Menschen mit Epilepsie und ihren Mitarbeiter:innen letztlich verfolgt?<\/strong>\t<br>\n\t\t<label><input type=\"radio\" name=\"domande_quiz_DIECI_quizid_6117\" value=\"A\" required> Schaffung eines integrativen Arbeitsumfelds, dass die Zusammenarbeit f\u00f6rdert<\/label><br>\n\t\t<label><input type=\"radio\" name=\"domande_quiz_DIECI_quizid_6117\" value=\"B\"> Verst\u00e4rkung des Wettbewerbs unter den Arbeitnehmer:innen<\/label><br>\n\t\t<label><input type=\"radio\" name=\"domande_quiz_DIECI_quizid_6117\" value=\"C\"> Menschen mit Epilepsie davon abzuhalten, ihre Krankheit zu offenbaren<\/label><br>\n\t\t<label><input type=\"radio\" name=\"domande_quiz_DIECI_quizid_6117\" value=\"D\"> F\u00f6rderung eines Arbeitsumfelds, das Exklusivit\u00e4t sch\u00e4tzt<\/label><br>\n\t<\/div>\n\t<div class=\"domanda\">\n\t\t<strong>9. Was ist ein Elevator Pitch?<\/strong>\t<br>\n\t\t<label><input type=\"radio\" name=\"domande_quiz_DUE_quizid_6152\" value=\"A\" required> Ein Mobilit\u00e4tsger\u00e4t f\u00fcr Menschen mit Epilepsie, das den Zugang zum Arbeitsplatz erleichtern soll<\/label><br>\n\t\t<label><input type=\"radio\" name=\"domande_quiz_DUE_quizid_6152\" value=\"B\"> Eine formelle Pr\u00e4sentation vor potenziellen Arbeitgeber:innen in einem Sitzungssaal<\/label><br>\n\t\t<label><input type=\"radio\" name=\"domande_quiz_DUE_quizid_6152\" value=\"C\"> Eine pr\u00e4gnante und aussagekr\u00e4ftige Selbstdarstellung, die das eigene Leistungsangebot wirksam kommuniziert<\/label><br>\n\t\t<label><input type=\"radio\" name=\"domande_quiz_DUE_quizid_6152\" value=\"D\"> Ein interaktives Instrument zur Entwicklung neuer Gesch\u00e4ftsideen<\/label><br>\n\t<\/div>\n\t<div class=\"domanda\">\n\t\t<strong>10. Warum ist es wichtig, das Bewusstsein f\u00fcr Epilepsie am Arbeitsplatz zu sch\u00e4rfen?<\/strong>\t<br>\n\t\t<label><input type=\"radio\" name=\"domande_quiz_NOVE_quizid_6152\" value=\"A\" required> Um sicherzustellen, dass Menschen mit Epilepsie weniger komplexe Aufgaben zugewiesen werden<\/label><br>\n\t\t<label><input type=\"radio\" name=\"domande_quiz_NOVE_quizid_6152\" value=\"B\"> Zur F\u00f6rderung eines integrativen und unterst\u00fctzenden Arbeitsumfelds<\/label><br>\n\t\t<label><input type=\"radio\" name=\"domande_quiz_NOVE_quizid_6152\" value=\"C\"> Zur Schaffung einer wettbewerbsf\u00e4higen Arbeitsatmosph\u00e4re<\/label><br>\n\t\t<label><input type=\"radio\" name=\"domande_quiz_NOVE_quizid_6152\" value=\"D\"> Um Arbeitgeber:innen davon abzuhalten, Menschen mit Epilepsie einzustellen<\/label><br>\n\t<\/div>\n    <p>\n\t<input type=\"submit\" class=\"btn\" value=\"Absenden\" name=\"submit_post\">\n\t<\/p>\n\n\n<input type=\"hidden\" name=\"trp-form-language\" value=\"de\"\/><\/form>\n    \n    \t\n\t\n\n\n\n<\/div>\n\t\t\t\t\t\t<\/div>\n\t\t\t\t<\/div>\n\t\t\t\t\t\t<\/div>\r\n\t\t\t\t<\/div>\r\n\t\t\t\t\t\t\t\t<\/div>\r\n\t\t\t<\/section>\r\n\t\t\t\t\t<\/div>","protected":false},"excerpt":{"rendered":"","protected":false},"author":1,"featured_media":0,"parent":0,"menu_order":0,"comment_status":"closed","ping_status":"closed","template":"","meta":{"footnotes":""},"class_list":["post-2500","page","type-page","status-publish","hentry"],"yoast_head":"<!-- This site is optimized with the Yoast SEO plugin v27.5 - https:\/\/yoast.com\/product\/yoast-seo-wordpress\/ -->\n<title>LP1 Final Test - Epilepsy Power<\/title>\n<meta name=\"robots\" content=\"noindex, follow, max-snippet:-1, max-image-preview:large, max-video-preview:-1\" \/>\n<meta property=\"og:locale\" content=\"de_DE\" \/>\n<meta property=\"og:type\" content=\"article\" \/>\n<meta property=\"og:title\" content=\"LP1 Final Test - Epilepsy Power\" \/>\n<meta property=\"og:url\" content=\"https:\/\/epilepsypower.indesign.it\/de\/lp1-final-test\/\" \/>\n<meta property=\"og:site_name\" content=\"Epilepsy Power\" \/>\n<meta property=\"article:modified_time\" content=\"2025-02-01T08:24:47+00:00\" \/>\n<meta name=\"twitter:card\" content=\"summary_large_image\" \/>\n<script type=\"application\/ld+json\" class=\"yoast-schema-graph\">{\"@context\":\"https:\\\/\\\/schema.org\",\"@graph\":[{\"@type\":\"WebPage\",\"@id\":\"https:\\\/\\\/epilepsypower.indesign.it\\\/lp1-final-test\\\/\",\"url\":\"https:\\\/\\\/epilepsypower.indesign.it\\\/lp1-final-test\\\/\",\"name\":\"LP1 Final Test - Epilepsy Power\",\"isPartOf\":{\"@id\":\"https:\\\/\\\/epilepsypower.indesign.it\\\/#website\"},\"datePublished\":\"2024-03-11T12:38:16+00:00\",\"dateModified\":\"2025-02-01T08:24:47+00:00\",\"breadcrumb\":{\"@id\":\"https:\\\/\\\/epilepsypower.indesign.it\\\/lp1-final-test\\\/#breadcrumb\"},\"inLanguage\":\"de\",\"potentialAction\":[{\"@type\":\"ReadAction\",\"target\":[\"https:\\\/\\\/epilepsypower.indesign.it\\\/lp1-final-test\\\/\"]}]},{\"@type\":\"BreadcrumbList\",\"@id\":\"https:\\\/\\\/epilepsypower.indesign.it\\\/lp1-final-test\\\/#breadcrumb\",\"itemListElement\":[{\"@type\":\"ListItem\",\"position\":1,\"name\":\"Home\",\"item\":\"https:\\\/\\\/epilepsypower.indesign.it\\\/\"},{\"@type\":\"ListItem\",\"position\":2,\"name\":\"LP1 Final Test\"}]},{\"@type\":\"WebSite\",\"@id\":\"https:\\\/\\\/epilepsypower.indesign.it\\\/#website\",\"url\":\"https:\\\/\\\/epilepsypower.indesign.it\\\/\",\"name\":\"Epilepsy Power\",\"description\":\"Epilepsy Power\",\"publisher\":{\"@id\":\"https:\\\/\\\/epilepsypower.indesign.it\\\/#organization\"},\"potentialAction\":[{\"@type\":\"SearchAction\",\"target\":{\"@type\":\"EntryPoint\",\"urlTemplate\":\"https:\\\/\\\/epilepsypower.indesign.it\\\/?s={search_term_string}\"},\"query-input\":{\"@type\":\"PropertyValueSpecification\",\"valueRequired\":true,\"valueName\":\"search_term_string\"}}],\"inLanguage\":\"de\"},{\"@type\":\"Organization\",\"@id\":\"https:\\\/\\\/epilepsypower.indesign.it\\\/#organization\",\"name\":\"Epilepsy Power\",\"url\":\"https:\\\/\\\/epilepsypower.indesign.it\\\/\",\"logo\":{\"@type\":\"ImageObject\",\"inLanguage\":\"de\",\"@id\":\"https:\\\/\\\/epilepsypower.indesign.it\\\/#\\\/schema\\\/logo\\\/image\\\/\",\"url\":\"https:\\\/\\\/epilepsypower.indesign.it\\\/wp-content\\\/uploads\\\/2023\\\/04\\\/cropped-cropped-logo-epilepsy-power.png\",\"contentUrl\":\"https:\\\/\\\/epilepsypower.indesign.it\\\/wp-content\\\/uploads\\\/2023\\\/04\\\/cropped-cropped-logo-epilepsy-power.png\",\"width\":512,\"height\":512,\"caption\":\"Epilepsy Power\"},\"image\":{\"@id\":\"https:\\\/\\\/epilepsypower.indesign.it\\\/#\\\/schema\\\/logo\\\/image\\\/\"}}]}<\/script>\n<!-- \/ Yoast SEO plugin. -->","yoast_head_json":{"title":"LP1 Final Test - Epilepsy Power","robots":{"index":"noindex","follow":"follow","max-snippet":"max-snippet:-1","max-image-preview":"max-image-preview:large","max-video-preview":"max-video-preview:-1"},"og_locale":"de_DE","og_type":"article","og_title":"LP1 Final Test - Epilepsy Power","og_url":"https:\/\/epilepsypower.indesign.it\/de\/lp1-final-test\/","og_site_name":"Epilepsy Power","article_modified_time":"2025-02-01T08:24:47+00:00","twitter_card":"summary_large_image","schema":{"@context":"https:\/\/schema.org","@graph":[{"@type":"WebPage","@id":"https:\/\/epilepsypower.indesign.it\/lp1-final-test\/","url":"https:\/\/epilepsypower.indesign.it\/lp1-final-test\/","name":"LP1 Final Test - Epilepsy Power","isPartOf":{"@id":"https:\/\/epilepsypower.indesign.it\/#website"},"datePublished":"2024-03-11T12:38:16+00:00","dateModified":"2025-02-01T08:24:47+00:00","breadcrumb":{"@id":"https:\/\/epilepsypower.indesign.it\/lp1-final-test\/#breadcrumb"},"inLanguage":"de","potentialAction":[{"@type":"ReadAction","target":["https:\/\/epilepsypower.indesign.it\/lp1-final-test\/"]}]},{"@type":"BreadcrumbList","@id":"https:\/\/epilepsypower.indesign.it\/lp1-final-test\/#breadcrumb","itemListElement":[{"@type":"ListItem","position":1,"name":"Home","item":"https:\/\/epilepsypower.indesign.it\/"},{"@type":"ListItem","position":2,"name":"LP1 Final Test"}]},{"@type":"WebSite","@id":"https:\/\/epilepsypower.indesign.it\/#website","url":"https:\/\/epilepsypower.indesign.it\/","name":"Epilepsy Power","description":"Epilepsy Power","publisher":{"@id":"https:\/\/epilepsypower.indesign.it\/#organization"},"potentialAction":[{"@type":"SearchAction","target":{"@type":"EntryPoint","urlTemplate":"https:\/\/epilepsypower.indesign.it\/?s={search_term_string}"},"query-input":{"@type":"PropertyValueSpecification","valueRequired":true,"valueName":"search_term_string"}}],"inLanguage":"de"},{"@type":"Organization","@id":"https:\/\/epilepsypower.indesign.it\/#organization","name":"Epilepsy Power","url":"https:\/\/epilepsypower.indesign.it\/","logo":{"@type":"ImageObject","inLanguage":"de","@id":"https:\/\/epilepsypower.indesign.it\/#\/schema\/logo\/image\/","url":"https:\/\/epilepsypower.indesign.it\/wp-content\/uploads\/2023\/04\/cropped-cropped-logo-epilepsy-power.png","contentUrl":"https:\/\/epilepsypower.indesign.it\/wp-content\/uploads\/2023\/04\/cropped-cropped-logo-epilepsy-power.png","width":512,"height":512,"caption":"Epilepsy Power"},"image":{"@id":"https:\/\/epilepsypower.indesign.it\/#\/schema\/logo\/image\/"}}]}},"_links":{"self":[{"href":"https:\/\/epilepsypower.indesign.it\/de\/wp-json\/wp\/v2\/pages\/2500","targetHints":{"allow":["GET"]}}],"collection":[{"href":"https:\/\/epilepsypower.indesign.it\/de\/wp-json\/wp\/v2\/pages"}],"about":[{"href":"https:\/\/epilepsypower.indesign.it\/de\/wp-json\/wp\/v2\/types\/page"}],"author":[{"embeddable":true,"href":"https:\/\/epilepsypower.indesign.it\/de\/wp-json\/wp\/v2\/users\/1"}],"replies":[{"embeddable":true,"href":"https:\/\/epilepsypower.indesign.it\/de\/wp-json\/wp\/v2\/comments?post=2500"}],"version-history":[{"count":9,"href":"https:\/\/epilepsypower.indesign.it\/de\/wp-json\/wp\/v2\/pages\/2500\/revisions"}],"predecessor-version":[{"id":6193,"href":"https:\/\/epilepsypower.indesign.it\/de\/wp-json\/wp\/v2\/pages\/2500\/revisions\/6193"}],"wp:attachment":[{"href":"https:\/\/epilepsypower.indesign.it\/de\/wp-json\/wp\/v2\/media?parent=2500"}],"curies":[{"name":"wp","href":"https:\/\/api.w.org\/{rel}","templated":true}]}}