{"id":3905,"date":"2024-12-05T15:27:11","date_gmt":"2024-12-05T14:27:11","guid":{"rendered":"https:\/\/epilepsypower.indesign.it\/?page_id=3905"},"modified":"2025-02-05T16:34:56","modified_gmt":"2025-02-05T15:34:56","slug":"what-is-epilepsy-2","status":"publish","type":"page","link":"https:\/\/epilepsypower.indesign.it\/de\/what-is-epilepsy-2\/","title":{"rendered":"Was ist Epilepsie?"},"content":{"rendered":"<div data-elementor-type=\"wp-page\" data-elementor-id=\"3905\" class=\"elementor elementor-3905\">\n\t\t\t\t\t\t<section class=\"elementor-section elementor-top-section elementor-element elementor-element-7b5842e5 elementor-section-boxed elementor-section-height-default elementor-section-height-default smart-sticky-default\" data-id=\"7b5842e5\" data-element_type=\"section\" data-e-type=\"section\">\r\n\t\t\t\t\t\t\t\t<div class=\"elementor-container elementor-column-gap-default\">\r\n\t\t\t\t\r\n\t\t\t\t\t\t\t\t<div class=\"elementor-column elementor-col-100 elementor-top-column elementor-element elementor-element-df260f6\" data-id=\"df260f6\" data-element_type=\"column\" data-e-type=\"column\">\r\n\r\n\t\t\t\t\r\n\t\t\t\t<div class=\"elementor-widget-wrap elementor-element-populated\">\r\n\t\t\t\t\t\t\t\t\t\t\r\n\t\t\t\t\t\t<div class=\"elementor-element elementor-element-1a9b3f94 elementor-widget elementor-widget-text-editor\" data-id=\"1a9b3f94\" data-element_type=\"widget\" data-e-type=\"widget\" data-no-translation=\"\" data-widget_type=\"text-editor.default\">\n\t\t\t\t<div class=\"elementor-widget-container\">\n\t\t\t\t\t<style>.elementor-element-1a9b3f94{display:none !important}<\/style>\t\t\t\t<\/div>\n\t\t\t\t<\/div>\n\t\t\t\t\t\t<\/div>\r\n\t\t\t\t<\/div>\r\n\t\t\t\t\t\t\t\t<\/div>\r\n\t\t\t<\/section>\r\n\t\t\t\t\t<section class=\"elementor-section elementor-top-section elementor-element elementor-element-d263bc5 elementor-section-boxed elementor-section-height-default elementor-section-height-default smart-sticky-default\" data-id=\"d263bc5\" data-element_type=\"section\" data-e-type=\"section\">\r\n\t\t\t\t\t\t\t\t<div class=\"elementor-container elementor-column-gap-default\">\r\n\t\t\t\t\r\n\t\t\t\t\t\t\t\t<div class=\"elementor-column elementor-col-100 elementor-top-column elementor-element elementor-element-c448a24\" data-id=\"c448a24\" data-element_type=\"column\" data-e-type=\"column\">\r\n\r\n\t\t\t\t\r\n\t\t\t\t<div class=\"elementor-widget-wrap elementor-element-populated\">\r\n\t\t\t\t\t\t\t\t\t\t\r\n\t\t\t\t\t\t<div class=\"elementor-element elementor-element-757f90c elementor-widget elementor-widget-text-editor\" data-id=\"757f90c\" data-element_type=\"widget\" data-e-type=\"widget\" data-no-translation=\"\" data-widget_type=\"text-editor.default\">\n\t\t\t\t<div class=\"elementor-widget-container\">\n\t\t\t\t\t<style>.elementor-element-757f90c{display:none !important}<\/style>\t\t\t\t<\/div>\n\t\t\t\t<\/div>\n\t\t\t\t<div class=\"elementor-element elementor-element-56c1e49 elementor-widget elementor-widget-text-editor\" data-id=\"56c1e49\" data-element_type=\"widget\" data-e-type=\"widget\" data-no-translation=\"\" data-widget_type=\"text-editor.default\">\n\t\t\t\t<div class=\"elementor-widget-container\">\n\t\t\t\t\t\t\t\t\t<p>Epilepsie ist eine h\u00e4ufige neurologische Erkrankung, die durch eine \u201eanhaltende Veranlagung zur Erzeugung epileptischer Anf\u00e4lle und durch die neurobiologischen, kognitiven, psychologischen und sozialen Folgen dieser Erkrankung\u201c gekennzeichnet ist. Die Definition von Epilepsie erfordert das Auftreten von mindestens einem epileptischen Anfall. Ein Anfall wird definiert als \u201eein vor\u00fcbergehendes Auftreten von Anzeichen und\/oder Symptomen aufgrund einer abnormalen, \u00fcberm\u00e4\u00dfigen oder synchronen neuronalen Aktivit\u00e4t im Gehirn\u201c (Fisher et al., 2005). Die w\u00e4hrend der Anf\u00e4lle auftretenden Symptome k\u00f6nnen je nach betroffenem Hirnareal unterschiedlich sein. Je nach dem neuronalen Netzwerk, das den Anfall ausl\u00f6st, kann man zwischen fokalen Anf\u00e4llen (mit oder ohne Bewusstseinsst\u00f6rung) und generalisierten Anf\u00e4llen unterscheiden. So k\u00f6nnen epileptische Anf\u00e4lle neben der typischen Darstellung generalisierter tonisch-klonischer Anf\u00e4lle auch zu anderen Arten von Symptomen f\u00fchren: sensorische\/motorische\/auditive\/visuelle Symptome, die das Bewusstsein der Patient:innen einbeziehen oder nicht (z. B. Absencen oder Temporallappenanf\u00e4lle). Ebenso k\u00f6nnen die Ursachen der Epilepsie unterschiedlich und verschieden sein (genetisch, metabolisch, strukturell, infekti\u00f6s, autoimmun \u2026). Eine dritte Ebene der ILAE-Klassifikation umfasst auch spezifische Syndrome, die oft mit dem Alter der Patient:innen zusammenh\u00e4ngen. Wie bereits erw\u00e4hnt, kann ein Anfall verschiedene Erscheinungsformen haben. Im Allgemeinen besteht bei generalisierten tonisch-klonischen Anf\u00e4llen, tonischen\/atonischen Anf\u00e4llen (Anf\u00e4lle, bei denen die betroffene Person \u201esteif\u201c bzw. \u201eschlaff\u201c wird) die Gefahr, dass die Person st\u00fcrzt. Einige kleine Tipps k\u00f6nnen Ihnen helfen, einer Person zu helfen, die solche Anf\u00e4lle erleidet. Zun\u00e4chst sollten Sie den Kopf der Person sch\u00fctzen, indem Sie etwas Weiches unter den Kopf legen, um Hirnverletzungen zu vermeiden. Sie sollten der betroffenen Person nichts in den Mund stecken und sie w\u00e4hrend eines Anfalls nicht festhalten. Au\u00dferdem sollten Sie die Person in die Seitenlage bringen, um eine Blockierung der Atemwege zu vermeiden. Bei fokalen Anf\u00e4llen mit oder ohne Bewusstseinsst\u00f6rung sollten Sie die Person sch\u00fctzen, sie von gef\u00e4hrlichen Gegenst\u00e4nden wegf\u00fchren, auf das Ende des Anfalls warten und sie beruhigen. Sowohl bei generalisierten als auch bei fokalen Anf\u00e4llen ist es in manchen F\u00e4llen notwendig, den Notdienst zu rufen:<\/p><ul><li>Anfall mit Bewusstseinsverlust l\u00e4nger als 5 Minuten,<\/li><li>nicht auf Notfallmedikamente ansprechbar, falls verf\u00fcgbar<\/li><li>Wiederholte Anf\u00e4lle l\u00e4nger als 10 Minuten, dazwischen keine Erholung<\/li><li>Atembeschwerden nach Anfall<\/li><li>Schwere Verletzung aufgetreten oder vermutet (z. B. Hirnverletzung)<\/li><li>Erster Anfall<\/li><\/ul><p>Abgesehen von den Anf\u00e4llen m\u00fcssen Menschen mit Epilepsie (PwE) im Alltag in der Regel mit anderen Herausforderungen fertig werden. Sie m\u00fcssen eine chronische Therapie (Antiepileptika) zu bestimmten Zeiten einnehmen und sich regelm\u00e4\u00dfigen Nachuntersuchungen bei Neurolog:innen unterziehen, bei denen manchmal Elektroenzephalogramme und MRTs wiederholt werden. Antiepileptika behandeln die Erkrankung nicht, sondern werden eingesetzt, um das Risiko eines erneuten Auftretens von Anf\u00e4llen zu verringern. Wenn eine medikament\u00f6se Therapie nicht ausreicht, um die Anf\u00e4lle zu kontrollieren (in 30 % der F\u00e4lle), sollten sie sich einer Operation unterziehen. Sowohl bei chirurgischen als auch bei nicht-chirurgischen Patient:innen wird die Anfallskontrolle in regelm\u00e4\u00dfigen Abst\u00e4nden von Neurologen \u00fcberwacht. Daher k\u00f6nnte es ratsam sein, Menschen mit Epilepsie zu Arztbesuchen und Untersuchungen (EEGs und MRTs) zuzulassen und ihnen f\u00fcr diese Besuche frei zu geben. Sie k\u00f6nnten auch Einschr\u00e4nkungen im Zusammenhang mit kognitiven und k\u00f6rperlichen Auswirkungen von Anf\u00e4llen erfahren. Beispielsweise k\u00f6nnen einige Syndrome und einige Medikamente zu kognitiven St\u00f6rungen\/Ged\u00e4chtnisverlust oder Konzentrationsschwierigkeiten f\u00fchren. Dar\u00fcber hinaus sollten Sie auch die ausl\u00f6senden Faktoren von Anf\u00e4llen ber\u00fccksichtigen, um einfache Vorkehrungen zu treffen und Gefahren zu vermeiden. Einige Anf\u00e4lle k\u00f6nnen durch flackerndes Licht oder pl\u00f6tzliche Ger\u00e4usche verursacht werden; manchmal k\u00f6nnen auch Lesen oder Schlafmangel das Auftreten von Anf\u00e4llen beg\u00fcnstigen. Die Anpassung der Beleuchtung, die Vermeidung ausl\u00f6sender Faktoren und die Umstrukturierung von Schichten zur Vermeidung von Schlafmangel und \u00fcberm\u00e4\u00dfigem Stress k\u00f6nnten einige der Strategien sein, um die Arbeit f\u00fcr Menschen mit Epilepsie einfacher und angenehmer zu gestalten. Wenn die Person h\u00e4ufig unter Anf\u00e4llen leidet, sollte sie nicht Auto fahren d\u00fcrfen. Daher k\u00f6nnte Smart Working \u2013 wann immer m\u00f6glich \u2013 eine L\u00f6sung f\u00fcr sie sein, um weiterarbeiten zu k\u00f6nnen. Obwohl es einige Einschr\u00e4nkungen gibt, sollten keine pauschalen Arbeitsbeschr\u00e4nkungen auferlegt werden, und oft k\u00f6nnen Menschen mit Epilepsie normal arbeiten, wie die allgemeine Bev\u00f6lkerung, insbesondere wenn sie anfallsfrei sind. Auch wenn Fortschritte in der Diagnose und Therapie es der \u00fcberwiegenden Mehrheit der Menschen mit Epilepsie erm\u00f6glichen, eine Anfallskontrolle zu erreichen (etwa 70 %), ist die berufliche Inklusion von Menschen mit Epilepsie immer noch schwierig zu bewerkstelligen. Die meisten sozialen Probleme, mit denen sie konfrontiert sind, h\u00e4ngen mit falschen Vorstellungen, Stigmatisierung und Unwissenheit zusammen. Wir k\u00f6nnen feststellen, dass \u00fcber die Anpassungen hinaus, die Sie vornehmen k\u00f6nnen, ein Schl\u00fcsselfaktor f\u00fcr die Inklusion von Menschen mit Epilepsie am Arbeitsplatz die Entwicklung von Inklusions- und Aufkl\u00e4rungsprogrammen ist, die darauf abzielen, das Wissen \u00fcber Epilepsie bei Arbeitgeber:innen, Betreuer:innen und Institutionen zu erweitern.<\/p>\t\t\t\t\t\t\t\t<\/div>\n\t\t\t\t<\/div>\n\t\t\t\t\t\t<\/div>\r\n\t\t\t\t<\/div>\r\n\t\t\t\t\t\t\t\t<\/div>\r\n\t\t\t<\/section>\r\n\t\t\t\t\t<section class=\"elementor-section elementor-top-section elementor-element elementor-element-5b8df5c elementor-section-boxed elementor-section-height-default elementor-section-height-default smart-sticky-default\" data-id=\"5b8df5c\" data-element_type=\"section\" data-e-type=\"section\">\r\n\t\t\t\t\t\t\t\t<div class=\"elementor-container elementor-column-gap-default\">\r\n\t\t\t\t\r\n\t\t\t\t\t\t\t\t<div class=\"elementor-column elementor-col-100 elementor-top-column elementor-element elementor-element-6f642b9\" data-id=\"6f642b9\" data-element_type=\"column\" data-e-type=\"column\">\r\n\r\n\t\t\t\t\r\n\t\t\t\t<div class=\"elementor-widget-wrap elementor-element-populated\">\r\n\t\t\t\t\t\t\t\t\t\t\r\n\t\t\t\t\t\t<div class=\"elementor-element elementor-element-b0b4cf0 elementor-widget elementor-widget-text-editor\" data-id=\"b0b4cf0\" data-element_type=\"widget\" data-e-type=\"widget\" data-no-translation=\"\" data-widget_type=\"text-editor.default\">\n\t\t\t\t<div class=\"elementor-widget-container\">\n\t\t\t\t\t<style>.elementor-element-b0b4cf0{display:none !important}<\/style>\t\t\t\t<\/div>\n\t\t\t\t<\/div>\n\t\t\t\t\t\t<\/div>\r\n\t\t\t\t<\/div>\r\n\t\t\t\t\t\t\t\t<\/div>\r\n\t\t\t<\/section>\r\n\t\t\t\t\t<section class=\"elementor-section elementor-top-section elementor-element elementor-element-1ba4820 elementor-section-boxed elementor-section-height-default elementor-section-height-default smart-sticky-default\" data-id=\"1ba4820\" data-element_type=\"section\" data-e-type=\"section\">\r\n\t\t\t\t\t\t\t\t<div class=\"elementor-container elementor-column-gap-default\">\r\n\t\t\t\t\r\n\t\t\t\t\t\t\t\t<div class=\"elementor-column elementor-col-100 elementor-top-column elementor-element elementor-element-9862f67\" data-id=\"9862f67\" data-element_type=\"column\" data-e-type=\"column\">\r\n\r\n\t\t\t\t\r\n\t\t\t\t<div class=\"elementor-widget-wrap elementor-element-populated\">\r\n\t\t\t\t\t\t\t\t\t\t\r\n\t\t\t\t\t\t<div class=\"elementor-element elementor-element-f76e7ee elementor-widget elementor-widget-text-editor\" data-id=\"f76e7ee\" data-element_type=\"widget\" data-e-type=\"widget\" data-no-translation=\"\" data-widget_type=\"text-editor.default\">\n\t\t\t\t<div class=\"elementor-widget-container\">\n\t\t\t\t\t<style>.elementor-element-f76e7ee{display:none !important}<\/style>\t\t\t\t<\/div>\n\t\t\t\t<\/div>\n\t\t\t\t\t\t<\/div>\r\n\t\t\t\t<\/div>\r\n\t\t\t\t\t\t\t\t<\/div>\r\n\t\t\t<\/section>\r\n\t\t\t\t\t<\/div>","protected":false},"excerpt":{"rendered":"<p>Epilepsy is a common neurological disorder characterised by \u201can enduring predisposition to generate epileptic seizures and by the neurobiological, cognitive, psychological, and social consequences of this condition. The definition of epilepsy requires the occurrence of at least one epileptic seizure\u201d. A seizure is defined as \u201ca transient occurrence of signs and\/or symptoms due to abnormal [&hellip;]<\/p>\n","protected":false},"author":2,"featured_media":0,"parent":0,"menu_order":0,"comment_status":"closed","ping_status":"closed","template":"","meta":{"footnotes":""},"class_list":["post-3905","page","type-page","status-publish","hentry"],"yoast_head":"<!-- This site is optimized with the Yoast SEO plugin v27.5 - https:\/\/yoast.com\/product\/yoast-seo-wordpress\/ -->\n<title>What is Epilepsy - Epilepsy Power<\/title>\n<meta name=\"description\" content=\"What is Epilepsy? Epilepsy is a common neurological disorder characterised by \u201can enduring predisposition to generate epileptic seizures\" \/>\n<meta name=\"robots\" content=\"noindex, follow, max-snippet:-1, max-image-preview:large, max-video-preview:-1\" \/>\n<meta property=\"og:locale\" content=\"de_DE\" \/>\n<meta property=\"og:type\" content=\"article\" \/>\n<meta property=\"og:title\" content=\"What is Epilepsy - Epilepsy Power\" \/>\n<meta property=\"og:description\" content=\"What is Epilepsy? Epilepsy is a common neurological disorder characterised by \u201can enduring predisposition to generate epileptic seizures\" \/>\n<meta property=\"og:url\" content=\"https:\/\/epilepsypower.indesign.it\/de\/what-is-epilepsy-2\/\" \/>\n<meta property=\"og:site_name\" content=\"Epilepsy Power\" \/>\n<meta property=\"article:modified_time\" content=\"2025-02-05T15:34:56+00:00\" \/>\n<meta name=\"twitter:card\" content=\"summary_large_image\" \/>\n<meta name=\"twitter:label1\" content=\"Gesch\u00e4tzte Lesezeit\" \/>\n\t<meta name=\"twitter:data1\" content=\"21\u00a0Minuten\" \/>\n<script type=\"application\/ld+json\" class=\"yoast-schema-graph\">{\"@context\":\"https:\\\/\\\/schema.org\",\"@graph\":[{\"@type\":\"WebPage\",\"@id\":\"https:\\\/\\\/epilepsypower.indesign.it\\\/what-is-epilepsy-2\\\/\",\"url\":\"https:\\\/\\\/epilepsypower.indesign.it\\\/what-is-epilepsy-2\\\/\",\"name\":\"What is Epilepsy - Epilepsy Power\",\"isPartOf\":{\"@id\":\"https:\\\/\\\/epilepsypower.indesign.it\\\/#website\"},\"datePublished\":\"2024-12-05T14:27:11+00:00\",\"dateModified\":\"2025-02-05T15:34:56+00:00\",\"description\":\"What is Epilepsy? Epilepsy is a common neurological disorder characterised by \u201can enduring predisposition to generate epileptic seizures\",\"breadcrumb\":{\"@id\":\"https:\\\/\\\/epilepsypower.indesign.it\\\/what-is-epilepsy-2\\\/#breadcrumb\"},\"inLanguage\":\"de\",\"potentialAction\":[{\"@type\":\"ReadAction\",\"target\":[\"https:\\\/\\\/epilepsypower.indesign.it\\\/what-is-epilepsy-2\\\/\"]}]},{\"@type\":\"BreadcrumbList\",\"@id\":\"https:\\\/\\\/epilepsypower.indesign.it\\\/what-is-epilepsy-2\\\/#breadcrumb\",\"itemListElement\":[{\"@type\":\"ListItem\",\"position\":1,\"name\":\"Home\",\"item\":\"https:\\\/\\\/epilepsypower.indesign.it\\\/\"},{\"@type\":\"ListItem\",\"position\":2,\"name\":\"What is Epilepsy\"}]},{\"@type\":\"WebSite\",\"@id\":\"https:\\\/\\\/epilepsypower.indesign.it\\\/#website\",\"url\":\"https:\\\/\\\/epilepsypower.indesign.it\\\/\",\"name\":\"Epilepsy Power\",\"description\":\"Epilepsy Power\",\"publisher\":{\"@id\":\"https:\\\/\\\/epilepsypower.indesign.it\\\/#organization\"},\"potentialAction\":[{\"@type\":\"SearchAction\",\"target\":{\"@type\":\"EntryPoint\",\"urlTemplate\":\"https:\\\/\\\/epilepsypower.indesign.it\\\/?s={search_term_string}\"},\"query-input\":{\"@type\":\"PropertyValueSpecification\",\"valueRequired\":true,\"valueName\":\"search_term_string\"}}],\"inLanguage\":\"de\"},{\"@type\":\"Organization\",\"@id\":\"https:\\\/\\\/epilepsypower.indesign.it\\\/#organization\",\"name\":\"Epilepsy Power\",\"url\":\"https:\\\/\\\/epilepsypower.indesign.it\\\/\",\"logo\":{\"@type\":\"ImageObject\",\"inLanguage\":\"de\",\"@id\":\"https:\\\/\\\/epilepsypower.indesign.it\\\/#\\\/schema\\\/logo\\\/image\\\/\",\"url\":\"https:\\\/\\\/epilepsypower.indesign.it\\\/wp-content\\\/uploads\\\/2023\\\/04\\\/cropped-cropped-logo-epilepsy-power.png\",\"contentUrl\":\"https:\\\/\\\/epilepsypower.indesign.it\\\/wp-content\\\/uploads\\\/2023\\\/04\\\/cropped-cropped-logo-epilepsy-power.png\",\"width\":512,\"height\":512,\"caption\":\"Epilepsy Power\"},\"image\":{\"@id\":\"https:\\\/\\\/epilepsypower.indesign.it\\\/#\\\/schema\\\/logo\\\/image\\\/\"}}]}<\/script>\n<!-- \/ Yoast SEO plugin. -->","yoast_head_json":{"title":"What is Epilepsy - Epilepsy Power","description":"What is Epilepsy? Epilepsy is a common neurological disorder characterised by \u201can enduring predisposition to generate epileptic seizures","robots":{"index":"noindex","follow":"follow","max-snippet":"max-snippet:-1","max-image-preview":"max-image-preview:large","max-video-preview":"max-video-preview:-1"},"og_locale":"de_DE","og_type":"article","og_title":"What is Epilepsy - Epilepsy Power","og_description":"What is Epilepsy? Epilepsy is a common neurological disorder characterised by \u201can enduring predisposition to generate epileptic seizures","og_url":"https:\/\/epilepsypower.indesign.it\/de\/what-is-epilepsy-2\/","og_site_name":"Epilepsy Power","article_modified_time":"2025-02-05T15:34:56+00:00","twitter_card":"summary_large_image","twitter_misc":{"Gesch\u00e4tzte Lesezeit":"21\u00a0Minuten"},"schema":{"@context":"https:\/\/schema.org","@graph":[{"@type":"WebPage","@id":"https:\/\/epilepsypower.indesign.it\/what-is-epilepsy-2\/","url":"https:\/\/epilepsypower.indesign.it\/what-is-epilepsy-2\/","name":"What is Epilepsy - Epilepsy Power","isPartOf":{"@id":"https:\/\/epilepsypower.indesign.it\/#website"},"datePublished":"2024-12-05T14:27:11+00:00","dateModified":"2025-02-05T15:34:56+00:00","description":"What is Epilepsy? Epilepsy is a common neurological disorder characterised by \u201can enduring predisposition to generate epileptic seizures","breadcrumb":{"@id":"https:\/\/epilepsypower.indesign.it\/what-is-epilepsy-2\/#breadcrumb"},"inLanguage":"de","potentialAction":[{"@type":"ReadAction","target":["https:\/\/epilepsypower.indesign.it\/what-is-epilepsy-2\/"]}]},{"@type":"BreadcrumbList","@id":"https:\/\/epilepsypower.indesign.it\/what-is-epilepsy-2\/#breadcrumb","itemListElement":[{"@type":"ListItem","position":1,"name":"Home","item":"https:\/\/epilepsypower.indesign.it\/"},{"@type":"ListItem","position":2,"name":"What is Epilepsy"}]},{"@type":"WebSite","@id":"https:\/\/epilepsypower.indesign.it\/#website","url":"https:\/\/epilepsypower.indesign.it\/","name":"Epilepsy Power","description":"Epilepsy Power","publisher":{"@id":"https:\/\/epilepsypower.indesign.it\/#organization"},"potentialAction":[{"@type":"SearchAction","target":{"@type":"EntryPoint","urlTemplate":"https:\/\/epilepsypower.indesign.it\/?s={search_term_string}"},"query-input":{"@type":"PropertyValueSpecification","valueRequired":true,"valueName":"search_term_string"}}],"inLanguage":"de"},{"@type":"Organization","@id":"https:\/\/epilepsypower.indesign.it\/#organization","name":"Epilepsy Power","url":"https:\/\/epilepsypower.indesign.it\/","logo":{"@type":"ImageObject","inLanguage":"de","@id":"https:\/\/epilepsypower.indesign.it\/#\/schema\/logo\/image\/","url":"https:\/\/epilepsypower.indesign.it\/wp-content\/uploads\/2023\/04\/cropped-cropped-logo-epilepsy-power.png","contentUrl":"https:\/\/epilepsypower.indesign.it\/wp-content\/uploads\/2023\/04\/cropped-cropped-logo-epilepsy-power.png","width":512,"height":512,"caption":"Epilepsy Power"},"image":{"@id":"https:\/\/epilepsypower.indesign.it\/#\/schema\/logo\/image\/"}}]}},"_links":{"self":[{"href":"https:\/\/epilepsypower.indesign.it\/de\/wp-json\/wp\/v2\/pages\/3905","targetHints":{"allow":["GET"]}}],"collection":[{"href":"https:\/\/epilepsypower.indesign.it\/de\/wp-json\/wp\/v2\/pages"}],"about":[{"href":"https:\/\/epilepsypower.indesign.it\/de\/wp-json\/wp\/v2\/types\/page"}],"author":[{"embeddable":true,"href":"https:\/\/epilepsypower.indesign.it\/de\/wp-json\/wp\/v2\/users\/2"}],"replies":[{"embeddable":true,"href":"https:\/\/epilepsypower.indesign.it\/de\/wp-json\/wp\/v2\/comments?post=3905"}],"version-history":[{"count":10,"href":"https:\/\/epilepsypower.indesign.it\/de\/wp-json\/wp\/v2\/pages\/3905\/revisions"}],"predecessor-version":[{"id":6221,"href":"https:\/\/epilepsypower.indesign.it\/de\/wp-json\/wp\/v2\/pages\/3905\/revisions\/6221"}],"wp:attachment":[{"href":"https:\/\/epilepsypower.indesign.it\/de\/wp-json\/wp\/v2\/media?parent=3905"}],"curies":[{"name":"wp","href":"https:\/\/api.w.org\/{rel}","templated":true}]}}