{"id":2500,"date":"2024-03-11T13:38:16","date_gmt":"2024-03-11T12:38:16","guid":{"rendered":"https:\/\/epilepsypower.indesign.it\/?page_id=2500"},"modified":"2025-02-01T09:24:47","modified_gmt":"2025-02-01T08:24:47","slug":"lp1-final-test","status":"publish","type":"page","link":"https:\/\/epilepsypower.indesign.it\/fr\/lp1-final-test\/","title":{"rendered":"Test final LP1"},"content":{"rendered":"<div data-elementor-type=\"wp-page\" data-elementor-id=\"2500\" class=\"elementor elementor-2500\">\n\t\t\t\t\t\t<section class=\"elementor-section elementor-top-section elementor-element elementor-element-2de99351 elementor-section-boxed elementor-section-height-default elementor-section-height-default smart-sticky-default\" data-id=\"2de99351\" data-element_type=\"section\" data-e-type=\"section\">\r\n\t\t\t\t\t\t\t\t<div class=\"elementor-container elementor-column-gap-default\">\r\n\t\t\t\t\r\n\t\t\t\t\t\t\t\t<div class=\"elementor-column elementor-col-100 elementor-top-column elementor-element elementor-element-44908141\" data-id=\"44908141\" data-element_type=\"column\" data-e-type=\"column\">\r\n\r\n\t\t\t\t\r\n\t\t\t\t<div class=\"elementor-widget-wrap elementor-element-populated\">\r\n\t\t\t\t\t\t\t\t\t\t\r\n\t\t\t\t\t\t<div class=\"elementor-element elementor-element-1829ca98 elementor-widget elementor-widget-shortcode\" data-id=\"1829ca98\" data-element_type=\"widget\" data-e-type=\"widget\" data-widget_type=\"shortcode.default\">\n\t\t\t\t<div class=\"elementor-widget-container\">\n\t\t\t\t\t\t\t<div class=\"elementor-shortcode\"><style>\n\n\t.domanda {\n\t\tmargin: 20px 0;\n\t\tpaddin: 10px 0;\n\t}\n\n<\/style>\n\n\n\n\n<form name=\"quiz\" id=\"quiz\" method=\"post\" action=\"\">\n\t\n\t<h3>Le certificat sera disponible uniquement pendant 1 heure apr\u00e8s la fin du quiz.<\/h3>\n\t\n\t<input type=\"hidden\" id=\"post_nonce_field\" name=\"post_nonce_field\" value=\"558d2b1025\" \/><input type=\"hidden\" name=\"_wp_http_referer\" value=\"\/fr\/wp-json\/wp\/v2\/pages\/2500\" \/>\n\t<p><label for=\"name\">Nom*<\/label><br>\n\t<input type=\"text\" name=\"name_for_certificate\" required><\/p>\n\t\n\t<p><label for=\"name\">Nom de famille*<\/label><br>\n\t<input type=\"text\" name=\"surname_for_certificate\" required><\/p>\n\t\n\t\t\n\t<p><label for=\"company\">Votre entreprise<\/label><br>\n\t\n\t\t<select name=\"company\"  style=\"min-height:50px !important;\">\n\t\t\t<option value=\"no\" selected> Aucune <\/option>\n\t\t\t <option value=\"3\">3MIND<\/option> <option value=\"2\">Super Azienda S.r.l.<\/option>\t\t\t\n\t\t<\/select>\n\t\t\t\n\t<\/p>\n\t\t\n\t<p>\n\tNous avons seulement besoin de votre pr\u00e9nom et nom de famille pour d\u00e9livrer le certificat final, et nous ne les utiliserons \u00e0 aucune autre fin.<br>\n\t<u>Le certificat sera disponible uniquement pendant 1 heure apr\u00e8s la fin du quiz.<\/u>\n\t<\/p>\n\t\n\t<hr>\n\t\n\t\t<div class=\"domanda\">\n\t\t<strong>1. Est-il possible de tomber pendant une crise de type absence ?<\/strong>\t<br>\n\t\t<label><input type=\"radio\" name=\"domande_quiz_QUATTRO_quizid_5906\" value=\"A\" required> Oui.<\/label><br>\n\t\t<label><input type=\"radio\" name=\"domande_quiz_QUATTRO_quizid_5906\" value=\"B\"> Seulement dans certaines conditions.<\/label><br>\n\t\t<label><input type=\"radio\" name=\"domande_quiz_QUATTRO_quizid_5906\" value=\"C\"> Non.<\/label><br>\n\t\t<label><input type=\"radio\" name=\"domande_quiz_QUATTRO_quizid_5906\" value=\"D\"> Oui, les absences sont toujours li\u00e9es aux chutes.<\/label><br>\n\t<\/div>\n\t<div class=\"domanda\">\n\t\t<strong>2. Un employeur peut-il refuser d\u2019embaucher une personne \u00e9pileptique ?<\/strong>\t<br>\n\t\t<label><input type=\"radio\" name=\"domande_quiz_SEI_quizid_5966\" value=\"A\" required> Non.<\/label><br>\n\t\t<label><input type=\"radio\" name=\"domande_quiz_SEI_quizid_5966\" value=\"B\"> Oui.<\/label><br>\n\t\t<label><input type=\"radio\" name=\"domande_quiz_SEI_quizid_5966\" value=\"C\"> Dans certains cas seulement, en raison de restrictions sp\u00e9cifiques.<\/label><br>\n\t\t<label><input type=\"radio\" name=\"domande_quiz_SEI_quizid_5966\" value=\"D\"> Oui, il peut imposer plusieurs restrictions.<\/label><br>\n\t<\/div>\n\t<div class=\"domanda\">\n\t\t<strong>3. Les accidents sont-ils plus fr\u00e9quents chez les personnes \u00e9pileptiques ?<\/strong>\t<br>\n\t\t<label><input type=\"radio\" name=\"domande_quiz_OTTO_quizid_5966\" value=\"A\" required> Les personnes atteintes d'\u00e9pilepsie ne subissent pas d'accidents.<\/label><br>\n\t\t<label><input type=\"radio\" name=\"domande_quiz_OTTO_quizid_5966\" value=\"B\"> Non, ils pr\u00e9sentent des taux d\u2019accidents similaires \u00e0 ceux de personnes en bonne sant\u00e9.<\/label><br>\n\t\t<label><input type=\"radio\" name=\"domande_quiz_OTTO_quizid_5966\" value=\"C\"> Oui.<\/label><br>\n\t\t<label><input type=\"radio\" name=\"domande_quiz_OTTO_quizid_5966\" value=\"D\"> Non, ils affichent des taux d\u2019accidents plus faibles.<\/label><br>\n\t<\/div>\n\t<div class=\"domanda\">\n\t\t<strong>4. Comment s'adapter aux exigences du poste et augmenter les chances d'\u00eatre s\u00e9lectionn\u00e9 ?<\/strong>\t<br>\n\t\t<label><input type=\"radio\" name=\"domande_quiz_DIECI_quizid_5975\" value=\"A\" required> Veillez \u00e0 maintenir une narration claire et concise et \u00e0 respecter les normes de professionnalisme requises dans votre secteur d'activit\u00e9.<\/label><br>\n\t\t<label><input type=\"radio\" name=\"domande_quiz_DIECI_quizid_5975\" value=\"B\"> \u00c9vitez les expressions trop informelles ou superflues et veillez \u00e0 ce que le contenu soit bien structur\u00e9 et facile \u00e0 comprendre.<\/label><br>\n\t\t<label><input type=\"radio\" name=\"domande_quiz_DIECI_quizid_5975\" value=\"C\"> N'oubliez pas que votre pr\u00e9sentation doit donner \u00e0 l'employeur une impression de confiance et de comp\u00e9tence. Un CV et une lettre de motivation pr\u00e9cis et bien r\u00e9dig\u00e9s peuvent faire toute la diff\u00e9rence lors du processus de s\u00e9lection.<\/label><br>\n\t\t<label><input type=\"radio\" name=\"domande_quiz_DIECI_quizid_5975\" value=\"D\"> Les r\u00e9ponses a), b) et c) sont correctes.<\/label><br>\n\t<\/div>\n\t<div class=\"domanda\">\n\t\t<strong>5. Pourquoi est-il important de se familiariser avec le cadre juridique r\u00e9gissant la prise en charge de l\u2019\u00e9pilepsie dans mon pays ?<\/strong>\t<br>\n\t\t<label><input type=\"radio\" name=\"domande_quiz_SEI_quizid_6045\" value=\"A\" required> Pour conna\u00eetre les limites l\u00e9gales des possibilit\u00e9s sur le march\u00e9 du travail.<\/label><br>\n\t\t<label><input type=\"radio\" name=\"domande_quiz_SEI_quizid_6045\" value=\"B\"> Pour conna\u00eetre les possibilit\u00e9s d\u2019aide pour les personnes atteintes d\u2019\u00e9pilepsie.<\/label><br>\n\t\t<label><input type=\"radio\" name=\"domande_quiz_SEI_quizid_6045\" value=\"C\"> Les points a) et b) sont corrects. En outre, je peux communiquer en toute confiance pendant le processus de recrutement et je ne fais pas porter \u00e0 l\u2019employeur l\u2019enti\u00e8re responsabilit\u00e9 des questions juridiques.<\/label><br>\n\t\t<label><input type=\"radio\" name=\"domande_quiz_SEI_quizid_6045\" value=\"D\"> Pour d\u00e9couvrir si mon \u00e9pilepsie me permet de prendre des cong\u00e9s de maladie illimit\u00e9s sans cons\u00e9quences.<\/label><br>\n\t<\/div>\n\t<div class=\"domanda\">\n\t\t<strong>6. Quel est l\u2019ordre recommand\u00e9 dans le processus d\u2019orientation professionnelle ?<\/strong>\t<br>\n\t\t<label><input type=\"radio\" name=\"domande_quiz_NOVE_quizid_6045\" value=\"A\" required> Premi\u00e8rement, faire face \u00e0 ses propres aspirations. Deuxi\u00e8mement, accepter ses propres limites. Troisi\u00e8mement, faire face aux droits, aux obligations et aux possibilit\u00e9s de soutien.<\/label><br>\n\t\t<label><input type=\"radio\" name=\"domande_quiz_NOVE_quizid_6045\" value=\"B\"> Premi\u00e8rement, faire face \u00e0 ses propres limites. Deuxi\u00e8mement, faire face \u00e0 ses propres aspirations, et troisi\u00e8mement, faire face aux droits, aux obligations et aux possibilit\u00e9s de soutien.<\/label><br>\n\t\t<label><input type=\"radio\" name=\"domande_quiz_NOVE_quizid_6045\" value=\"C\"> Premi\u00e8rement, les possibilit\u00e9s de soutien, les droits et les obligations. Deuxi\u00e8mement, traiter ses propres aspirations, et troisi\u00e8mement, traiter ses propres limites.<\/label><br>\n\t\t<label><input type=\"radio\" name=\"domande_quiz_NOVE_quizid_6045\" value=\"D\"> Premi\u00e8rement, se concentrer sur ce que les autres attendent de vous. Deuxi\u00e8mement, \u00e9valuer ses propres limites. Troisi\u00e8mement, d\u00e9terminer ses aspirations.<\/label><br>\n\t<\/div>\n\t<div class=\"domanda\">\n\t\t<strong>7. Comment les organisations de soutien \u00e0 l\u2019\u00e9pilepsie peuvent-elles am\u00e9liorer l\u2019interaction entre les personnes \u00e9pileptiques et leurs coll\u00e8gues de travail ?<\/strong>\t<br>\n\t\t<label><input type=\"radio\" name=\"domande_quiz_NOVE_quizid_6109\" value=\"A\" required> Elles peuvent contribuer \u00e0 dissiper les mythes et les id\u00e9es re\u00e7ues sur l\u2019\u00e9pilepsie en participant \u00e0 des journ\u00e9es de formation.<\/label><br>\n\t\t<label><input type=\"radio\" name=\"domande_quiz_NOVE_quizid_6109\" value=\"B\"> Elles peuvent aider les personnes \u00e9pileptiques \u00e0 mieux comprendre leur \u00e9pilepsie, sa prise en charge et \u00e0 communiquer efficacement.<\/label><br>\n\t\t<label><input type=\"radio\" name=\"domande_quiz_NOVE_quizid_6109\" value=\"C\"> Elles peuvent fournir des ressources d\u2019information sur les lieux de travail afin de sensibiliser \u00e0 l\u2019\u00e9pilepsie.<\/label><br>\n\t\t<label><input type=\"radio\" name=\"domande_quiz_NOVE_quizid_6109\" value=\"D\"> Tous ces \u00e9l\u00e9ments.<\/label><br>\n\t<\/div>\n\t<div class=\"domanda\">\n\t\t<strong>8. Quel est l\u2019objectif du \u00ab personal branding \u00bb pour les personnes atteintes d\u2019\u00e9pilepsie dans le cadre de la recherche d\u2019emploi ?<\/strong>\t<br>\n\t\t<label><input type=\"radio\" name=\"domande_quiz_UNO_quizid_6156\" value=\"A\" required> Lutter contre les st\u00e9r\u00e9otypes et les id\u00e9es fausses sur l\u2019\u00e9pilepsie.<\/label><br>\n\t\t<label><input type=\"radio\" name=\"domande_quiz_UNO_quizid_6156\" value=\"B\"> Promouvoir sa pr\u00e9sence sur les r\u00e9seaux sociaux.<\/label><br>\n\t\t<label><input type=\"radio\" name=\"domande_quiz_UNO_quizid_6156\" value=\"C\"> Mettre en avant ses loisirs et ses centres d\u2019int\u00e9r\u00eat.<\/label><br>\n\t\t<label><input type=\"radio\" name=\"domande_quiz_UNO_quizid_6156\" value=\"D\"> Dissuader les potentiels employeurs de les embaucher.<\/label><br>\n\t<\/div>\n\t<div class=\"domanda\">\n\t\t<strong>9. Qu\u2019est-ce qu\u2019un \u00ab pitch \u00bb ?<\/strong>\t<br>\n\t\t<label><input type=\"radio\" name=\"domande_quiz_DUE_quizid_6156\" value=\"A\" required> Un dispositif de mobilit\u00e9 con\u00e7u pour les personnes atteintes d\u2019\u00e9pilepsie afin de rendre le lieu de travail plus accessible.<\/label><br>\n\t\t<label><input type=\"radio\" name=\"domande_quiz_DUE_quizid_6156\" value=\"B\"> Une pr\u00e9sentation formelle faite \u00e0 de potentiels employeurs dans une salle de r\u00e9union.<\/label><br>\n\t\t<label><input type=\"radio\" name=\"domande_quiz_DUE_quizid_6156\" value=\"C\"> Une pr\u00e9sentation concise et convaincante de soi qui communique efficacement sa proposition de valeur.<\/label><br>\n\t\t<label><input type=\"radio\" name=\"domande_quiz_DUE_quizid_6156\" value=\"D\"> Un outil interactif pour g\u00e9n\u00e9rer de nouvelles id\u00e9es commerciales.<\/label><br>\n\t<\/div>\n\t<div class=\"domanda\">\n\t\t<strong>10. L'Italie, la Bulgarie, l'Irlande, l'Allemagne et la France disposent d'une l\u00e9gislation \u00e9quivalente en mati\u00e8re de :<\/strong>\t<br>\n\t\t<label><input type=\"radio\" name=\"domande_quiz_NOVE_quizid_6194\" value=\"A\" required> Discrimination<\/label><br>\n\t\t<label><input type=\"radio\" name=\"domande_quiz_NOVE_quizid_6194\" value=\"B\"> Les installations<\/label><br>\n\t\t<label><input type=\"radio\" name=\"domande_quiz_NOVE_quizid_6194\" value=\"C\"> Quotas d'emploi<\/label><br>\n\t\t<label><input type=\"radio\" name=\"domande_quiz_NOVE_quizid_6194\" value=\"D\"> Aides et subventions<\/label><br>\n\t<\/div>\n    <p>\n\t<input type=\"submit\" class=\"btn\" value=\"Soumettre\" name=\"submit_post\">\n\t<\/p>\n\n\n<input type=\"hidden\" name=\"trp-form-language\" value=\"fr\"\/><\/form>\n    \n    \t\n\t\n\n\n\n<\/div>\n\t\t\t\t\t\t<\/div>\n\t\t\t\t<\/div>\n\t\t\t\t\t\t<\/div>\r\n\t\t\t\t<\/div>\r\n\t\t\t\t\t\t\t\t<\/div>\r\n\t\t\t<\/section>\r\n\t\t\t\t\t<\/div>","protected":false},"excerpt":{"rendered":"","protected":false},"author":1,"featured_media":0,"parent":0,"menu_order":0,"comment_status":"closed","ping_status":"closed","template":"","meta":{"footnotes":""},"class_list":["post-2500","page","type-page","status-publish","hentry"],"yoast_head":"<!-- This site is optimized with the Yoast SEO plugin v27.3 - https:\/\/yoast.com\/product\/yoast-seo-wordpress\/ -->\n<title>LP1 Final Test - Epilepsy Power<\/title>\n<meta name=\"robots\" content=\"noindex, follow, max-snippet:-1, max-image-preview:large, max-video-preview:-1\" \/>\n<meta property=\"og:locale\" content=\"fr_FR\" \/>\n<meta property=\"og:type\" content=\"article\" \/>\n<meta property=\"og:title\" content=\"LP1 Final Test - Epilepsy Power\" \/>\n<meta property=\"og:url\" content=\"https:\/\/epilepsypower.indesign.it\/fr\/lp1-final-test\/\" \/>\n<meta property=\"og:site_name\" content=\"Epilepsy Power\" \/>\n<meta property=\"article:modified_time\" content=\"2025-02-01T08:24:47+00:00\" \/>\n<meta name=\"twitter:card\" content=\"summary_large_image\" \/>\n<script type=\"application\/ld+json\" class=\"yoast-schema-graph\">{\"@context\":\"https:\\\/\\\/schema.org\",\"@graph\":[{\"@type\":\"WebPage\",\"@id\":\"https:\\\/\\\/epilepsypower.indesign.it\\\/lp1-final-test\\\/\",\"url\":\"https:\\\/\\\/epilepsypower.indesign.it\\\/lp1-final-test\\\/\",\"name\":\"LP1 Final Test - Epilepsy Power\",\"isPartOf\":{\"@id\":\"https:\\\/\\\/epilepsypower.indesign.it\\\/#website\"},\"datePublished\":\"2024-03-11T12:38:16+00:00\",\"dateModified\":\"2025-02-01T08:24:47+00:00\",\"breadcrumb\":{\"@id\":\"https:\\\/\\\/epilepsypower.indesign.it\\\/lp1-final-test\\\/#breadcrumb\"},\"inLanguage\":\"fr-FR\",\"potentialAction\":[{\"@type\":\"ReadAction\",\"target\":[\"https:\\\/\\\/epilepsypower.indesign.it\\\/lp1-final-test\\\/\"]}]},{\"@type\":\"BreadcrumbList\",\"@id\":\"https:\\\/\\\/epilepsypower.indesign.it\\\/lp1-final-test\\\/#breadcrumb\",\"itemListElement\":[{\"@type\":\"ListItem\",\"position\":1,\"name\":\"Home\",\"item\":\"https:\\\/\\\/epilepsypower.indesign.it\\\/\"},{\"@type\":\"ListItem\",\"position\":2,\"name\":\"LP1 Final Test\"}]},{\"@type\":\"WebSite\",\"@id\":\"https:\\\/\\\/epilepsypower.indesign.it\\\/#website\",\"url\":\"https:\\\/\\\/epilepsypower.indesign.it\\\/\",\"name\":\"Epilepsy Power\",\"description\":\"Epilepsy Power\",\"publisher\":{\"@id\":\"https:\\\/\\\/epilepsypower.indesign.it\\\/#organization\"},\"potentialAction\":[{\"@type\":\"SearchAction\",\"target\":{\"@type\":\"EntryPoint\",\"urlTemplate\":\"https:\\\/\\\/epilepsypower.indesign.it\\\/?s={search_term_string}\"},\"query-input\":{\"@type\":\"PropertyValueSpecification\",\"valueRequired\":true,\"valueName\":\"search_term_string\"}}],\"inLanguage\":\"fr-FR\"},{\"@type\":\"Organization\",\"@id\":\"https:\\\/\\\/epilepsypower.indesign.it\\\/#organization\",\"name\":\"Epilepsy Power\",\"url\":\"https:\\\/\\\/epilepsypower.indesign.it\\\/\",\"logo\":{\"@type\":\"ImageObject\",\"inLanguage\":\"fr-FR\",\"@id\":\"https:\\\/\\\/epilepsypower.indesign.it\\\/#\\\/schema\\\/logo\\\/image\\\/\",\"url\":\"https:\\\/\\\/epilepsypower.indesign.it\\\/wp-content\\\/uploads\\\/2023\\\/04\\\/cropped-cropped-logo-epilepsy-power.png\",\"contentUrl\":\"https:\\\/\\\/epilepsypower.indesign.it\\\/wp-content\\\/uploads\\\/2023\\\/04\\\/cropped-cropped-logo-epilepsy-power.png\",\"width\":512,\"height\":512,\"caption\":\"Epilepsy Power\"},\"image\":{\"@id\":\"https:\\\/\\\/epilepsypower.indesign.it\\\/#\\\/schema\\\/logo\\\/image\\\/\"}}]}<\/script>\n<!-- \/ Yoast SEO plugin. -->","yoast_head_json":{"title":"LP1 Final Test - Epilepsy Power","robots":{"index":"noindex","follow":"follow","max-snippet":"max-snippet:-1","max-image-preview":"max-image-preview:large","max-video-preview":"max-video-preview:-1"},"og_locale":"fr_FR","og_type":"article","og_title":"LP1 Final Test - Epilepsy Power","og_url":"https:\/\/epilepsypower.indesign.it\/fr\/lp1-final-test\/","og_site_name":"Epilepsy Power","article_modified_time":"2025-02-01T08:24:47+00:00","twitter_card":"summary_large_image","schema":{"@context":"https:\/\/schema.org","@graph":[{"@type":"WebPage","@id":"https:\/\/epilepsypower.indesign.it\/lp1-final-test\/","url":"https:\/\/epilepsypower.indesign.it\/lp1-final-test\/","name":"LP1 Final Test - Epilepsy Power","isPartOf":{"@id":"https:\/\/epilepsypower.indesign.it\/#website"},"datePublished":"2024-03-11T12:38:16+00:00","dateModified":"2025-02-01T08:24:47+00:00","breadcrumb":{"@id":"https:\/\/epilepsypower.indesign.it\/lp1-final-test\/#breadcrumb"},"inLanguage":"fr-FR","potentialAction":[{"@type":"ReadAction","target":["https:\/\/epilepsypower.indesign.it\/lp1-final-test\/"]}]},{"@type":"BreadcrumbList","@id":"https:\/\/epilepsypower.indesign.it\/lp1-final-test\/#breadcrumb","itemListElement":[{"@type":"ListItem","position":1,"name":"Home","item":"https:\/\/epilepsypower.indesign.it\/"},{"@type":"ListItem","position":2,"name":"LP1 Final Test"}]},{"@type":"WebSite","@id":"https:\/\/epilepsypower.indesign.it\/#website","url":"https:\/\/epilepsypower.indesign.it\/","name":"Epilepsy Power","description":"Epilepsy Power","publisher":{"@id":"https:\/\/epilepsypower.indesign.it\/#organization"},"potentialAction":[{"@type":"SearchAction","target":{"@type":"EntryPoint","urlTemplate":"https:\/\/epilepsypower.indesign.it\/?s={search_term_string}"},"query-input":{"@type":"PropertyValueSpecification","valueRequired":true,"valueName":"search_term_string"}}],"inLanguage":"fr-FR"},{"@type":"Organization","@id":"https:\/\/epilepsypower.indesign.it\/#organization","name":"Epilepsy Power","url":"https:\/\/epilepsypower.indesign.it\/","logo":{"@type":"ImageObject","inLanguage":"fr-FR","@id":"https:\/\/epilepsypower.indesign.it\/#\/schema\/logo\/image\/","url":"https:\/\/epilepsypower.indesign.it\/wp-content\/uploads\/2023\/04\/cropped-cropped-logo-epilepsy-power.png","contentUrl":"https:\/\/epilepsypower.indesign.it\/wp-content\/uploads\/2023\/04\/cropped-cropped-logo-epilepsy-power.png","width":512,"height":512,"caption":"Epilepsy Power"},"image":{"@id":"https:\/\/epilepsypower.indesign.it\/#\/schema\/logo\/image\/"}}]}},"_links":{"self":[{"href":"https:\/\/epilepsypower.indesign.it\/fr\/wp-json\/wp\/v2\/pages\/2500","targetHints":{"allow":["GET"]}}],"collection":[{"href":"https:\/\/epilepsypower.indesign.it\/fr\/wp-json\/wp\/v2\/pages"}],"about":[{"href":"https:\/\/epilepsypower.indesign.it\/fr\/wp-json\/wp\/v2\/types\/page"}],"author":[{"embeddable":true,"href":"https:\/\/epilepsypower.indesign.it\/fr\/wp-json\/wp\/v2\/users\/1"}],"replies":[{"embeddable":true,"href":"https:\/\/epilepsypower.indesign.it\/fr\/wp-json\/wp\/v2\/comments?post=2500"}],"version-history":[{"count":9,"href":"https:\/\/epilepsypower.indesign.it\/fr\/wp-json\/wp\/v2\/pages\/2500\/revisions"}],"predecessor-version":[{"id":6193,"href":"https:\/\/epilepsypower.indesign.it\/fr\/wp-json\/wp\/v2\/pages\/2500\/revisions\/6193"}],"wp:attachment":[{"href":"https:\/\/epilepsypower.indesign.it\/fr\/wp-json\/wp\/v2\/media?parent=2500"}],"curies":[{"name":"wp","href":"https:\/\/api.w.org\/{rel}","templated":true}]}}