{"id":3856,"date":"2024-12-02T09:43:35","date_gmt":"2024-12-02T08:43:35","guid":{"rendered":"https:\/\/epilepsypower.indesign.it\/?page_id=3856"},"modified":"2024-12-02T09:43:35","modified_gmt":"2024-12-02T08:43:35","slug":"lp2-final-test","status":"publish","type":"page","link":"https:\/\/epilepsypower.indesign.it\/fr\/lp2-final-test\/","title":{"rendered":"Test final LP2"},"content":{"rendered":"<style>\n\n\t.domanda {\n\t\tmargin: 20px 0;\n\t\tpaddin: 10px 0;\n\t}\n\n<\/style>\n\n\n\n\n<form name=\"quiz\" id=\"quiz\" method=\"post\" action=\"\">\n\t\n\t<h3>Le certificat sera disponible uniquement pendant 1 heure apr\u00e8s la fin du quiz.<\/h3>\n\t\n\t<input type=\"hidden\" id=\"post_nonce_field\" name=\"post_nonce_field\" value=\"558d2b1025\" \/><input type=\"hidden\" name=\"_wp_http_referer\" value=\"\/fr\/wp-json\/wp\/v2\/pages\/3856\" \/>\n\t<p><label for=\"name\">Nom*<\/label><br>\n\t<input type=\"text\" name=\"name_for_certificate\" required><\/p>\n\t\n\t<p><label for=\"name\">Nom de famille*<\/label><br>\n\t<input type=\"text\" name=\"surname_for_certificate\" required><\/p>\n\t\n\t\t\n\t<p><label for=\"company\">Votre entreprise<\/label><br>\n\t\n\t\t<select name=\"company\"  style=\"min-height:50px !important;\">\n\t\t\t<option value=\"no\" selected> Aucune <\/option>\n\t\t\t <option value=\"3\">3MIND<\/option> <option value=\"2\">Super Azienda S.r.l.<\/option>\t\t\t\n\t\t<\/select>\n\t\t\t\n\t<\/p>\n\t\t\n\t<p>\n\tNous avons seulement besoin de votre pr\u00e9nom et nom de famille pour d\u00e9livrer le certificat final, et nous ne les utiliserons \u00e0 aucune autre fin.<br>\n\t<u>Le certificat sera disponible uniquement pendant 1 heure apr\u00e8s la fin du quiz.<\/u>\n\t<\/p>\n\t\n\t<hr>\n\t\n\t\t<div class=\"domanda\">\n\t\t<strong>1. Un responsable des ressources humaines doit g\u00e9n\u00e9ralement disposer d'un ensemble diversifi\u00e9 de comp\u00e9tences pour g\u00e9rer efficacement les fonctions li\u00e9es au personnel au sein d'une organisation. L'une des principales comp\u00e9tences est la suivante :<\/strong>\t<br>\n\t\t<label><input type=\"radio\" name=\"domande_quiz_UNO_quizid_5986\" value=\"A\" required> Comp\u00e9tences en mati\u00e8re de communication.<\/label><br>\n\t\t<label><input type=\"radio\" name=\"domande_quiz_UNO_quizid_5986\" value=\"B\"> Qualit\u00e9s personnelles.<\/label><br>\n\t\t<label><input type=\"radio\" name=\"domande_quiz_UNO_quizid_5986\" value=\"C\"> Comp\u00e9tences en mati\u00e8re de combat.<\/label><br>\n\t\t<label><input type=\"radio\" name=\"domande_quiz_UNO_quizid_5986\" value=\"D\"> Aucune de ces r\u00e9ponses<\/label><br>\n\t<\/div>\n\t<div class=\"domanda\">\n\t\t<strong>2. Les politiques d'inclusion sur le lieu de travail sont suffisantes pour assurer l'\u00e9galit\u00e9 des chances pour les personnes \u00e9pileptiques.<\/strong>\t<br>\n\t\t<label><input type=\"radio\" name=\"domande_quiz_OTTO_quizid_6007\" value=\"A\" required> Vrai et faux : cette affirmation est ambigu\u00eb car, m\u00eame si les politiques d'inclusion sont importantes, leur mise en \u0153uvre et leur efficacit\u00e9 peuvent varier. D'autres facteurs, tels que la sensibilisation des coll\u00e8gues et la flexibilit\u00e9 des am\u00e9nagements, jouent \u00e9galement un r\u00f4le crucial.<\/label><br>\n\t\t<label><input type=\"radio\" name=\"domande_quiz_OTTO_quizid_6007\" value=\"B\"> Vrai : c\u2019est tout \u00e0 fait suffisant si les r\u00e8gles sont bien expos\u00e9es \u00e0 tous les collaborateurs<\/label><br>\n\t\t<label><input type=\"radio\" name=\"domande_quiz_OTTO_quizid_6007\" value=\"C\"> Faux : personne ne respecte les r\u00e8gles si une formation n\u2019est pas organis\u00e9e<\/label><br>\n\t\t<label><input type=\"radio\" name=\"domande_quiz_OTTO_quizid_6007\" value=\"D\"> Vrai et faux : Si les politiques d'inclusion sur le lieu de travail sont un premier pas pour assurer l'\u00e9galit\u00e9 des chances pour les personnes \u00e9pileptiques, le r\u00f4le du manager est le plus important pour veiller \u00e0 ce que les membres de son \u00e9quipe permettent \u00e0 la personne atteinte d\u2019\u00e9pilepsie de travailler dans de bonnes conditions<\/label><br>\n\t<\/div>\n\t<div class=\"domanda\">\n\t\t<strong>3. Comment les signes non verbaux peuvent-ils influencer l\u2019interpr\u00e9tation d\u2019un message ?<\/strong>\t<br>\n\t\t<label><input type=\"radio\" name=\"domande_quiz_CINQUE_quizid_6030\" value=\"A\" required> Ils n\u2019ont aucune incidence sur la compr\u00e9hension du message.<\/label><br>\n\t\t<label><input type=\"radio\" name=\"domande_quiz_CINQUE_quizid_6030\" value=\"B\"> Ils peuvent renforcer ou contredire le message verbal.<\/label><br>\n\t\t<label><input type=\"radio\" name=\"domande_quiz_CINQUE_quizid_6030\" value=\"C\"> Ils sont le seul moyen de transmettre un message.<\/label><br>\n\t\t<label><input type=\"radio\" name=\"domande_quiz_CINQUE_quizid_6030\" value=\"D\"> Ils n\u2019ont aucune incidence sur l\u2019interpr\u00e9tation d\u2019un message.<\/label><br>\n\t<\/div>\n\t<div class=\"domanda\">\n\t\t<strong>4. Comment les signaux non verbaux peuvent-ils \u00eatre utilis\u00e9s pour am\u00e9liorer les interactions interpersonnelles ?<\/strong>\t<br>\n\t\t<label><input type=\"radio\" name=\"domande_quiz_SEI_quizid_6030\" value=\"A\" required> En \u00e9vitant le contact visuel.<\/label><br>\n\t\t<label><input type=\"radio\" name=\"domande_quiz_SEI_quizid_6030\" value=\"B\"> En utilisant un vocabulaire complexe.<\/label><br>\n\t\t<label><input type=\"radio\" name=\"domande_quiz_SEI_quizid_6030\" value=\"C\"> En faisant correspondre le langage corporel et le ton de la voix au message voulu.<\/label><br>\n\t\t<label><input type=\"radio\" name=\"domande_quiz_SEI_quizid_6030\" value=\"D\"> Ils ne sont pas pertinents et n\u2019am\u00e9liorent pas les interactions interpersonnelles.<\/label><br>\n\t<\/div>\n\t<div class=\"domanda\">\n\t\t<strong>5. Pourquoi l\u2019intelligence \u00e9motionnelle est-elle importante dans la communication sociale ?<\/strong>\t<br>\n\t\t<label><input type=\"radio\" name=\"domande_quiz_SETTE_quizid_6030\" value=\"A\" required> Elle permet de cacher efficacement ses \u00e9motions.<\/label><br>\n\t\t<label><input type=\"radio\" name=\"domande_quiz_SETTE_quizid_6030\" value=\"B\"> Elle contribue \u00e0 renforcer la confiance et l\u2019empathie dans les relations.<\/label><br>\n\t\t<label><input type=\"radio\" name=\"domande_quiz_SETTE_quizid_6030\" value=\"C\"> Elle \u00e9limine le besoin d\u2019expression \u00e9motionnelle.<\/label><br>\n\t\t<label><input type=\"radio\" name=\"domande_quiz_SETTE_quizid_6030\" value=\"D\"> Elle n\u2019est pas importante dans la communication sociale, car les \u00e9motions ne font qu\u2019entraver la clart\u00e9 des messages.<\/label><br>\n\t<\/div>\n\t<div class=\"domanda\">\n\t\t<strong>6. Qu\u2019est-ce que la r\u00e9solution des conflits ?<\/strong>\t<br>\n\t\t<label><input type=\"radio\" name=\"domande_quiz_NOVE_quizid_6030\" value=\"A\" required> \u00c9viter les conflits \u00e0 tout prix.<\/label><br>\n\t\t<label><input type=\"radio\" name=\"domande_quiz_NOVE_quizid_6030\" value=\"B\"> Dominer les autres dans une situation de conflit.<\/label><br>\n\t\t<label><input type=\"radio\" name=\"domande_quiz_NOVE_quizid_6030\" value=\"C\"> Une m\u00e9thode pour trouver des solutions mutuellement b\u00e9n\u00e9fiques.<\/label><br>\n\t\t<label><input type=\"radio\" name=\"domande_quiz_NOVE_quizid_6030\" value=\"D\"> \u00c9viter compl\u00e8tement les conflits en ignorant les probl\u00e8mes.<\/label><br>\n\t<\/div>\n\t<div class=\"domanda\">\n\t\t<strong>7. Pourquoi est-il important de d\u00e9velopper des comp\u00e9tences sociales dans des contextes sp\u00e9cifiques ?<\/strong>\t<br>\n\t\t<label><input type=\"radio\" name=\"domande_quiz_DIECI_quizid_6030\" value=\"A\" required> Pour limiter les interactions sociales et se concentrer sur ses objectifs personnels.<\/label><br>\n\t\t<label><input type=\"radio\" name=\"domande_quiz_DIECI_quizid_6030\" value=\"B\"> Pour adapter les styles de communication aux diff\u00e9rents contextes sociaux.<\/label><br>\n\t\t<label><input type=\"radio\" name=\"domande_quiz_DIECI_quizid_6030\" value=\"C\"> Pour \u00e9viter les relations sociales et maintenir une distance avec les autres.<\/label><br>\n\t\t<label><input type=\"radio\" name=\"domande_quiz_DIECI_quizid_6030\" value=\"D\"> Il n\u2019est pas important de d\u00e9velopper des comp\u00e9tences sociales, car tout le monde communique de la m\u00eame mani\u00e8re dans toutes les situations.<\/label><br>\n\t<\/div>\n\t<div class=\"domanda\">\n\t\t<strong>8. Lequel des \u00e9l\u00e9ments suivants est un exemple d\u2019am\u00e9nagement raisonnable pour un employ\u00e9 atteint d\u2019\u00e9pilepsie ?<\/strong>\t<br>\n\t\t<label><input type=\"radio\" name=\"domande_quiz_SETTE_quizid_6083\" value=\"A\" required> Fournir un espace priv\u00e9 pour se reposer pendant les pauses.<\/label><br>\n\t\t<label><input type=\"radio\" name=\"domande_quiz_SETTE_quizid_6083\" value=\"B\"> \u00c9liminer les pauses pour augmenter la productivit\u00e9.<\/label><br>\n\t\t<label><input type=\"radio\" name=\"domande_quiz_SETTE_quizid_6083\" value=\"C\"> Augmenter les heures de travail pour compenser l\u2019absent\u00e9isme.<\/label><br>\n\t\t<label><input type=\"radio\" name=\"domande_quiz_SETTE_quizid_6083\" value=\"D\"> R\u00e9duire la r\u00e9mun\u00e9ration pour tenir compte du pr\u00e9sent\u00e9isme.<\/label><br>\n\t<\/div>\n\t<div class=\"domanda\">\n\t\t<strong>9. Parmi les strat\u00e9gies suivantes, lesquelles peuvent \u00eatre utilis\u00e9es pour cr\u00e9er une culture d\u2019entreprise qui favorise l\u2019empathie et la compr\u00e9hension ?<\/strong>\t<br>\n\t\t<label><input type=\"radio\" name=\"domande_quiz_NOVE_quizid_6083\" value=\"A\" required> Reconnaissance des contributions.<\/label><br>\n\t\t<label><input type=\"radio\" name=\"domande_quiz_NOVE_quizid_6083\" value=\"B\"> Communication ouverte.<\/label><br>\n\t\t<label><input type=\"radio\" name=\"domande_quiz_NOVE_quizid_6083\" value=\"C\"> Sensibilisation.<\/label><br>\n\t\t<label><input type=\"radio\" name=\"domande_quiz_NOVE_quizid_6083\" value=\"D\"> Toutes ces r\u00e9ponses.<\/label><br>\n\t<\/div>\n\t<div class=\"domanda\">\n\t\t<strong>10. Quelles sont les t\u00e2ches \u00e0 accomplir imm\u00e9diatement (matrice d\u2019Eisenhower) ?<\/strong>\t<br>\n\t\t<label><input type=\"radio\" name=\"domande_quiz_NOVE_quizid_6102\" value=\"A\" required> T\u00e2ches importantes, mais non urgentes<\/label><br>\n\t\t<label><input type=\"radio\" name=\"domande_quiz_NOVE_quizid_6102\" value=\"B\"> T\u00e2ches urgentes, mais pas importantes<\/label><br>\n\t\t<label><input type=\"radio\" name=\"domande_quiz_NOVE_quizid_6102\" value=\"C\"> T\u00e2ches urgentes et importantes<\/label><br>\n\t\t<label><input type=\"radio\" name=\"domande_quiz_NOVE_quizid_6102\" value=\"D\"> T\u00e2ches non urgentes et non importantes<\/label><br>\n\t<\/div>\n    <p>\n\t<input type=\"submit\" class=\"btn\" value=\"Soumettre\" name=\"submit_post\">\n\t<\/p>\n\n\n<input type=\"hidden\" name=\"trp-form-language\" value=\"fr\"\/><\/form>","protected":false},"excerpt":{"rendered":"","protected":false},"author":2,"featured_media":0,"parent":0,"menu_order":0,"comment_status":"closed","ping_status":"closed","template":"","meta":{"footnotes":""},"class_list":["post-3856","page","type-page","status-publish","hentry"],"yoast_head":"<!-- This site is optimized with the Yoast SEO plugin v27.3 - https:\/\/yoast.com\/product\/yoast-seo-wordpress\/ -->\n<title>LP2 Final Test - Epilepsy Power<\/title>\n<meta name=\"robots\" content=\"noindex, follow, max-snippet:-1, max-image-preview:large, max-video-preview:-1\" \/>\n<meta property=\"og:locale\" content=\"fr_FR\" \/>\n<meta property=\"og:type\" content=\"article\" \/>\n<meta property=\"og:title\" content=\"LP2 Final Test - Epilepsy Power\" \/>\n<meta property=\"og:url\" content=\"https:\/\/epilepsypower.indesign.it\/fr\/lp2-final-test\/\" \/>\n<meta property=\"og:site_name\" content=\"Epilepsy Power\" \/>\n<meta name=\"twitter:card\" content=\"summary_large_image\" \/>\n<meta name=\"twitter:label1\" content=\"Dur\u00e9e de lecture estim\u00e9e\" \/>\n\t<meta name=\"twitter:data1\" content=\"1 minute\" \/>\n<script type=\"application\/ld+json\" class=\"yoast-schema-graph\">{\"@context\":\"https:\\\/\\\/schema.org\",\"@graph\":[{\"@type\":\"WebPage\",\"@id\":\"https:\\\/\\\/epilepsypower.indesign.it\\\/lp2-final-test\\\/\",\"url\":\"https:\\\/\\\/epilepsypower.indesign.it\\\/lp2-final-test\\\/\",\"name\":\"LP2 Final Test - Epilepsy Power\",\"isPartOf\":{\"@id\":\"https:\\\/\\\/epilepsypower.indesign.it\\\/#website\"},\"datePublished\":\"2024-12-02T08:43:35+00:00\",\"breadcrumb\":{\"@id\":\"https:\\\/\\\/epilepsypower.indesign.it\\\/lp2-final-test\\\/#breadcrumb\"},\"inLanguage\":\"fr-FR\",\"potentialAction\":[{\"@type\":\"ReadAction\",\"target\":[\"https:\\\/\\\/epilepsypower.indesign.it\\\/lp2-final-test\\\/\"]}]},{\"@type\":\"BreadcrumbList\",\"@id\":\"https:\\\/\\\/epilepsypower.indesign.it\\\/lp2-final-test\\\/#breadcrumb\",\"itemListElement\":[{\"@type\":\"ListItem\",\"position\":1,\"name\":\"Home\",\"item\":\"https:\\\/\\\/epilepsypower.indesign.it\\\/\"},{\"@type\":\"ListItem\",\"position\":2,\"name\":\"LP2 Final Test\"}]},{\"@type\":\"WebSite\",\"@id\":\"https:\\\/\\\/epilepsypower.indesign.it\\\/#website\",\"url\":\"https:\\\/\\\/epilepsypower.indesign.it\\\/\",\"name\":\"Epilepsy Power\",\"description\":\"Epilepsy Power\",\"publisher\":{\"@id\":\"https:\\\/\\\/epilepsypower.indesign.it\\\/#organization\"},\"potentialAction\":[{\"@type\":\"SearchAction\",\"target\":{\"@type\":\"EntryPoint\",\"urlTemplate\":\"https:\\\/\\\/epilepsypower.indesign.it\\\/?s={search_term_string}\"},\"query-input\":{\"@type\":\"PropertyValueSpecification\",\"valueRequired\":true,\"valueName\":\"search_term_string\"}}],\"inLanguage\":\"fr-FR\"},{\"@type\":\"Organization\",\"@id\":\"https:\\\/\\\/epilepsypower.indesign.it\\\/#organization\",\"name\":\"Epilepsy Power\",\"url\":\"https:\\\/\\\/epilepsypower.indesign.it\\\/\",\"logo\":{\"@type\":\"ImageObject\",\"inLanguage\":\"fr-FR\",\"@id\":\"https:\\\/\\\/epilepsypower.indesign.it\\\/#\\\/schema\\\/logo\\\/image\\\/\",\"url\":\"https:\\\/\\\/epilepsypower.indesign.it\\\/wp-content\\\/uploads\\\/2023\\\/04\\\/cropped-cropped-logo-epilepsy-power.png\",\"contentUrl\":\"https:\\\/\\\/epilepsypower.indesign.it\\\/wp-content\\\/uploads\\\/2023\\\/04\\\/cropped-cropped-logo-epilepsy-power.png\",\"width\":512,\"height\":512,\"caption\":\"Epilepsy Power\"},\"image\":{\"@id\":\"https:\\\/\\\/epilepsypower.indesign.it\\\/#\\\/schema\\\/logo\\\/image\\\/\"}}]}<\/script>\n<!-- \/ Yoast SEO plugin. -->","yoast_head_json":{"title":"LP2 Final Test - Epilepsy Power","robots":{"index":"noindex","follow":"follow","max-snippet":"max-snippet:-1","max-image-preview":"max-image-preview:large","max-video-preview":"max-video-preview:-1"},"og_locale":"fr_FR","og_type":"article","og_title":"LP2 Final Test - Epilepsy Power","og_url":"https:\/\/epilepsypower.indesign.it\/fr\/lp2-final-test\/","og_site_name":"Epilepsy Power","twitter_card":"summary_large_image","twitter_misc":{"Dur\u00e9e de lecture estim\u00e9e":"1 minute"},"schema":{"@context":"https:\/\/schema.org","@graph":[{"@type":"WebPage","@id":"https:\/\/epilepsypower.indesign.it\/lp2-final-test\/","url":"https:\/\/epilepsypower.indesign.it\/lp2-final-test\/","name":"LP2 Final Test - Epilepsy Power","isPartOf":{"@id":"https:\/\/epilepsypower.indesign.it\/#website"},"datePublished":"2024-12-02T08:43:35+00:00","breadcrumb":{"@id":"https:\/\/epilepsypower.indesign.it\/lp2-final-test\/#breadcrumb"},"inLanguage":"fr-FR","potentialAction":[{"@type":"ReadAction","target":["https:\/\/epilepsypower.indesign.it\/lp2-final-test\/"]}]},{"@type":"BreadcrumbList","@id":"https:\/\/epilepsypower.indesign.it\/lp2-final-test\/#breadcrumb","itemListElement":[{"@type":"ListItem","position":1,"name":"Home","item":"https:\/\/epilepsypower.indesign.it\/"},{"@type":"ListItem","position":2,"name":"LP2 Final Test"}]},{"@type":"WebSite","@id":"https:\/\/epilepsypower.indesign.it\/#website","url":"https:\/\/epilepsypower.indesign.it\/","name":"Epilepsy Power","description":"Epilepsy Power","publisher":{"@id":"https:\/\/epilepsypower.indesign.it\/#organization"},"potentialAction":[{"@type":"SearchAction","target":{"@type":"EntryPoint","urlTemplate":"https:\/\/epilepsypower.indesign.it\/?s={search_term_string}"},"query-input":{"@type":"PropertyValueSpecification","valueRequired":true,"valueName":"search_term_string"}}],"inLanguage":"fr-FR"},{"@type":"Organization","@id":"https:\/\/epilepsypower.indesign.it\/#organization","name":"Epilepsy Power","url":"https:\/\/epilepsypower.indesign.it\/","logo":{"@type":"ImageObject","inLanguage":"fr-FR","@id":"https:\/\/epilepsypower.indesign.it\/#\/schema\/logo\/image\/","url":"https:\/\/epilepsypower.indesign.it\/wp-content\/uploads\/2023\/04\/cropped-cropped-logo-epilepsy-power.png","contentUrl":"https:\/\/epilepsypower.indesign.it\/wp-content\/uploads\/2023\/04\/cropped-cropped-logo-epilepsy-power.png","width":512,"height":512,"caption":"Epilepsy Power"},"image":{"@id":"https:\/\/epilepsypower.indesign.it\/#\/schema\/logo\/image\/"}}]}},"_links":{"self":[{"href":"https:\/\/epilepsypower.indesign.it\/fr\/wp-json\/wp\/v2\/pages\/3856","targetHints":{"allow":["GET"]}}],"collection":[{"href":"https:\/\/epilepsypower.indesign.it\/fr\/wp-json\/wp\/v2\/pages"}],"about":[{"href":"https:\/\/epilepsypower.indesign.it\/fr\/wp-json\/wp\/v2\/types\/page"}],"author":[{"embeddable":true,"href":"https:\/\/epilepsypower.indesign.it\/fr\/wp-json\/wp\/v2\/users\/2"}],"replies":[{"embeddable":true,"href":"https:\/\/epilepsypower.indesign.it\/fr\/wp-json\/wp\/v2\/comments?post=3856"}],"version-history":[{"count":1,"href":"https:\/\/epilepsypower.indesign.it\/fr\/wp-json\/wp\/v2\/pages\/3856\/revisions"}],"predecessor-version":[{"id":3857,"href":"https:\/\/epilepsypower.indesign.it\/fr\/wp-json\/wp\/v2\/pages\/3856\/revisions\/3857"}],"wp:attachment":[{"href":"https:\/\/epilepsypower.indesign.it\/fr\/wp-json\/wp\/v2\/media?parent=3856"}],"curies":[{"name":"wp","href":"https:\/\/api.w.org\/{rel}","templated":true}]}}