{"id":3905,"date":"2024-12-05T15:27:11","date_gmt":"2024-12-05T14:27:11","guid":{"rendered":"https:\/\/epilepsypower.indesign.it\/?page_id=3905"},"modified":"2025-02-05T16:34:56","modified_gmt":"2025-02-05T15:34:56","slug":"what-is-epilepsy-2","status":"publish","type":"page","link":"https:\/\/epilepsypower.indesign.it\/fr\/what-is-epilepsy-2\/","title":{"rendered":"Qu'est-ce que l'\u00e9pilepsie ?"},"content":{"rendered":"<div data-elementor-type=\"wp-page\" data-elementor-id=\"3905\" class=\"elementor elementor-3905\">\n\t\t\t\t\t\t<section class=\"elementor-section elementor-top-section elementor-element elementor-element-7b5842e5 elementor-section-boxed elementor-section-height-default elementor-section-height-default smart-sticky-default\" data-id=\"7b5842e5\" data-element_type=\"section\" data-e-type=\"section\">\r\n\t\t\t\t\t\t\t\t<div class=\"elementor-container elementor-column-gap-default\">\r\n\t\t\t\t\r\n\t\t\t\t\t\t\t\t<div class=\"elementor-column elementor-col-100 elementor-top-column elementor-element elementor-element-df260f6\" data-id=\"df260f6\" data-element_type=\"column\" data-e-type=\"column\">\r\n\r\n\t\t\t\t\r\n\t\t\t\t<div class=\"elementor-widget-wrap elementor-element-populated\">\r\n\t\t\t\t\t\t\t\t\t\t\r\n\t\t\t\t\t\t<div class=\"elementor-element elementor-element-1a9b3f94 elementor-widget elementor-widget-text-editor\" data-id=\"1a9b3f94\" data-element_type=\"widget\" data-e-type=\"widget\" data-no-translation=\"\" data-widget_type=\"text-editor.default\">\n\t\t\t\t<div class=\"elementor-widget-container\">\n\t\t\t\t\t<style>.elementor-element-1a9b3f94{display:none !important}<\/style>\t\t\t\t<\/div>\n\t\t\t\t<\/div>\n\t\t\t\t\t\t<\/div>\r\n\t\t\t\t<\/div>\r\n\t\t\t\t\t\t\t\t<\/div>\r\n\t\t\t<\/section>\r\n\t\t\t\t\t<section class=\"elementor-section elementor-top-section elementor-element elementor-element-d263bc5 elementor-section-boxed elementor-section-height-default elementor-section-height-default smart-sticky-default\" data-id=\"d263bc5\" data-element_type=\"section\" data-e-type=\"section\">\r\n\t\t\t\t\t\t\t\t<div class=\"elementor-container elementor-column-gap-default\">\r\n\t\t\t\t\r\n\t\t\t\t\t\t\t\t<div class=\"elementor-column elementor-col-100 elementor-top-column elementor-element elementor-element-c448a24\" data-id=\"c448a24\" data-element_type=\"column\" data-e-type=\"column\">\r\n\r\n\t\t\t\t\r\n\t\t\t\t<div class=\"elementor-widget-wrap elementor-element-populated\">\r\n\t\t\t\t\t\t\t\t\t\t\r\n\t\t\t\t\t\t<div class=\"elementor-element elementor-element-757f90c elementor-widget elementor-widget-text-editor\" data-id=\"757f90c\" data-element_type=\"widget\" data-e-type=\"widget\" data-no-translation=\"\" data-widget_type=\"text-editor.default\">\n\t\t\t\t<div class=\"elementor-widget-container\">\n\t\t\t\t\t\t\t\t\t<p>L\u2019\u00e9pilepsie est un trouble neurologique courant caract\u00e9ris\u00e9 par \u201cune pr\u00e9disposition durable \u00e0 g\u00e9n\u00e9rer des crises d\u2019\u00e9pilepsie et par les cons\u00e9quences neurobiologiques, cognitives, psychologiques et sociales de cet \u00e9tat. La d\u00e9finition de l\u2019\u00e9pilepsie requiert la survenue d\u2019au moins une crise d\u2019\u00e9pilepsie\u201d. \u00a0Une crise est d\u00e9finie comme \u201cune apparition transitoire de signes et\/ou de sympt\u00f4mes due \u00e0 une activit\u00e9 neuronale anormale, excessive ou synchrone dans le cerveau\u201d (Fisher et al., 2005). Les sympt\u00f4mes survenant pendant les crises peuvent \u00eatre diff\u00e9rents, en fonction de la zone du cerveau concern\u00e9e et, sur la base du r\u00e9seau neuronal g\u00e9n\u00e9rant la crise, il est possible de distinguer : les crises focales (avec ou sans troubles de la conscience) et les crises g\u00e9n\u00e9ralis\u00e9es. Ainsi, au-del\u00e0 de la repr\u00e9sentation typique des crises tonico-cloniques g\u00e9n\u00e9ralis\u00e9es, les \u00e9v\u00e9nements \u00e9pileptiques peuvent entra\u00eener d\u2019autres types de sympt\u00f4mes : sympt\u00f4mes sensoriels \/ moteurs \/ auditifs \/ visuels, impliquant ou non la conscience du sujet (par exemple, absences ou crises du lobe temporal). De m\u00eame, les \u00e9tiologies de l\u2019\u00e9pilepsie peuvent \u00eatre disparates et diff\u00e9rentes (g\u00e9n\u00e9tiques, m\u00e9taboliques, structurelles, infectieuses, auto-immunes\u2026). Un troisi\u00e8me niveau de la classification de l\u2019International League Against Epilepsy (ILAE) comprend \u00e9galement des syndromes sp\u00e9cifiques, souvent li\u00e9s \u00e0 l\u2019\u00e2ge du sujet.<\/p><p>Comme indiqu\u00e9 pr\u00e9c\u00e9demment, une crise peut avoir diff\u00e9rentes manifestations. En g\u00e9n\u00e9ral, comme pour les crises tonico-cloniques g\u00e9n\u00e9ralis\u00e9es, les crises toniques\/atoniques (crises au cours desquelles le sujet devient respectivement \u201crigide\u201d ou \u201cflasque\u201d), les personnes peuvent \u00eatre expos\u00e9es \u00e0 un risque de chute. Quelques petits conseils peuvent vous aider \u00e0 aider une personne souffrant de ce type de crises. Tout d\u2019abord, il convient de prot\u00e9ger la t\u00eate de la personne, en pla\u00e7ant quelque chose de doux sous sa t\u00eate, afin d\u2019\u00e9viter toute l\u00e9sion c\u00e9r\u00e9brale. Il ne faut rien mettre dans la bouche du sujet ni essayer de le retenir pendant la crise. Il faut \u00e9galement placer la personne en position lat\u00e9rale, afin d\u2019\u00e9viter l\u2019obstruction des voies respiratoires. En ce qui concerne les crises focales avec ou sans troubles de la conscience, il convient de prot\u00e9ger la personne en l\u2019\u00e9loignant des objets dangereux, en attendant la fin de la crise et en la rassurant.<\/p><p>Qu\u2019il s\u2019agisse de crises g\u00e9n\u00e9ralis\u00e9es ou focales, il est parfois n\u00e9cessaire d\u2019appeler les services d\u2019urgence\u00a0:<\/p><ul><li>Crise avec perte de conscience de plus de 5 minutes.<\/li><li>Absence de r\u00e9action pas aux m\u00e9dicaments de secours, s\u2019ils sont disponibles et donn\u00e9s par une personne habilit\u00e9e.<\/li><li>Crises r\u00e9p\u00e9t\u00e9es de plus de 10 minutes, sans r\u00e9cup\u00e9ration entre elles.<\/li><li>Difficult\u00e9 \u00e0 respirer apr\u00e8s une crise.<\/li><li>Une blessure grave se produit ou est suspect\u00e9e (par exemple, une l\u00e9sion c\u00e9r\u00e9brale).<\/li><li>Premi\u00e8re crise.<\/li><\/ul><p>Outre les crises, les personnes atteintes d\u2019\u00e9pilepsie doivent g\u00e9n\u00e9ralement faire face \u00e0 d\u2019autres difficult\u00e9s dans leur vie quotidienne.<\/p><p>Elles doivent suivre un traitement chronique (m\u00e9dicaments anti\u00e9pileptiques) \u00e0 des heures pr\u00e9cises, se soumettre \u00e0 un suivi r\u00e9gulier aupr\u00e8s de neurologues, r\u00e9aliser parfois plusieurs \u00e9lectroenc\u00e9phalogrammes et des IRM. Les m\u00e9dicaments anti\u00e9pileptiques ne traitent pas la maladie, mais ils sont utilis\u00e9s pour r\u00e9duire le risque de r\u00e9currence des crises. Lorsque le traitement m\u00e9dical ne suffit pas \u00e0 contr\u00f4ler les crises (30 % des cas), les patients doivent subir une intervention chirurgicale. Qu\u2019il s\u2019agisse de patients op\u00e9r\u00e9s ou non, le contr\u00f4le des crises passe par un suivi r\u00e9gulier aupr\u00e8s de neurologues. Il pourrait donc \u00eatre judicieux de permettre aux personnes ayant de l\u2019\u00e9pilepsie de se rendre aux visites m\u00e9dicales et aux examens (\u00e9lectroenc\u00e9phalogramme et IRM), en leur accordant des cong\u00e9s pour ces visites.<\/p><p>Elles pourraient \u00e9galement \u00eatre limit\u00e9es par les effets cognitifs et physiques des crises. Par exemple, certains syndromes et certains m\u00e9dicaments peuvent entra\u00eener des troubles cognitifs, des pertes de m\u00e9moire ou des difficult\u00e9s de concentration. En outre, il convient de tenir compte des facteurs d\u00e9clenchant les crises afin de proc\u00e9der \u00e0 des am\u00e9nagements simples pour \u00e9viter les dangers. Certaines crises peuvent \u00eatre provoqu\u00e9es par des lumi\u00e8res vacillantes ou des sons soudains ; parfois, la lecture ou le manque de sommeil peuvent faciliter le d\u00e9clenchement des crises. Ajuster les lumi\u00e8res, \u00e9viter les facteurs d\u00e9clenchants et r\u00e9organiser les \u00e9quipes pour \u00e9viter le manque de sommeil et le stress excessif sont quelques-unes des strat\u00e9gies permettant de rendre le travail plus facile et plus confortable pour les personnes atteintes d\u2019\u00e9pilepsie. Si la personne souffre de crises fr\u00e9quentes, elle pourrait ne pas \u00eatre autoris\u00e9e \u00e0 conduire. Le Smart Working, dans la mesure du possible, pourrait \u00eatre une solution mise en \u0153uvre par les entreprises pour qu\u2019elle puisse continuer \u00e0 travailler.\u00a0 En d\u00e9veloppant plus de flexibilit\u00e9, de collaboration, le Smart Working va au-del\u00e0 du t\u00e9l\u00e9travail en s\u2019appuyant sur des espaces de travail vari\u00e9s et une priorit\u00e9 accord\u00e9e au respect de l\u2019\u00e9quilibre vie personnelle et vie professionnelle.<\/p><p>Bien qu\u2019il existe certaines limites, il ne faut pas poser de restrictions professionnelles g\u00e9n\u00e9rales et, souvent, les personnes atteintes d\u2019\u00e9pilepsie peuvent travailler normalement, comme la population g\u00e9n\u00e9rale, en particulier si elles n\u2019ont pas de crises d\u2019\u00e9pilepsie. M\u00eame si les progr\u00e8s du diagnostic et de la th\u00e9rapie permettent \u00e0 la grande majorit\u00e9 des personnes ayant de l\u2019\u00e9pilepsie de contr\u00f4ler les crises (environ 70\u00a0%), leur int\u00e9gration sur le lieu de travail reste difficile \u00e0 g\u00e9rer. La plupart des probl\u00e8mes sociaux auxquels elles sont confront\u00e9es sont li\u00e9s \u00e0 des id\u00e9es fausses, \u00e0 la stigmatisation et \u00e0 l\u2019ignorance. Nous pouvons affirmer qu\u2019au-del\u00e0 des am\u00e9nagements possibles, <strong>un facteur cl\u00e9 de l\u2019int\u00e9gration des personnes atteintes d\u2019\u00e9pilepsie sur le lieu de travail est le d\u00e9veloppement de programmes d\u2019int\u00e9gration et d\u2019\u00e9ducation visant \u00e0 am\u00e9liorer la connaissance de l\u2019\u00e9pilepsie parmi les employeurs, les soignants et les institutions.<\/strong><\/p><p>\u00a0<\/p>\t\t\t\t\t\t\t\t<\/div>\n\t\t\t\t<\/div>\n\t\t\t\t<div class=\"elementor-element elementor-element-56c1e49 elementor-widget elementor-widget-text-editor\" data-id=\"56c1e49\" data-element_type=\"widget\" data-e-type=\"widget\" data-no-translation=\"\" data-widget_type=\"text-editor.default\">\n\t\t\t\t<div class=\"elementor-widget-container\">\n\t\t\t\t\t<style>.elementor-element-56c1e49{display:none !important}<\/style>\t\t\t\t<\/div>\n\t\t\t\t<\/div>\n\t\t\t\t\t\t<\/div>\r\n\t\t\t\t<\/div>\r\n\t\t\t\t\t\t\t\t<\/div>\r\n\t\t\t<\/section>\r\n\t\t\t\t\t<section class=\"elementor-section elementor-top-section elementor-element elementor-element-5b8df5c elementor-section-boxed elementor-section-height-default elementor-section-height-default smart-sticky-default\" data-id=\"5b8df5c\" data-element_type=\"section\" data-e-type=\"section\">\r\n\t\t\t\t\t\t\t\t<div class=\"elementor-container elementor-column-gap-default\">\r\n\t\t\t\t\r\n\t\t\t\t\t\t\t\t<div class=\"elementor-column elementor-col-100 elementor-top-column elementor-element elementor-element-6f642b9\" data-id=\"6f642b9\" data-element_type=\"column\" data-e-type=\"column\">\r\n\r\n\t\t\t\t\r\n\t\t\t\t<div class=\"elementor-widget-wrap elementor-element-populated\">\r\n\t\t\t\t\t\t\t\t\t\t\r\n\t\t\t\t\t\t<div class=\"elementor-element elementor-element-b0b4cf0 elementor-widget elementor-widget-text-editor\" data-id=\"b0b4cf0\" data-element_type=\"widget\" data-e-type=\"widget\" data-no-translation=\"\" data-widget_type=\"text-editor.default\">\n\t\t\t\t<div class=\"elementor-widget-container\">\n\t\t\t\t\t<style>.elementor-element-b0b4cf0{display:none !important}<\/style>\t\t\t\t<\/div>\n\t\t\t\t<\/div>\n\t\t\t\t\t\t<\/div>\r\n\t\t\t\t<\/div>\r\n\t\t\t\t\t\t\t\t<\/div>\r\n\t\t\t<\/section>\r\n\t\t\t\t\t<section class=\"elementor-section elementor-top-section elementor-element elementor-element-1ba4820 elementor-section-boxed elementor-section-height-default elementor-section-height-default smart-sticky-default\" data-id=\"1ba4820\" data-element_type=\"section\" data-e-type=\"section\">\r\n\t\t\t\t\t\t\t\t<div class=\"elementor-container elementor-column-gap-default\">\r\n\t\t\t\t\r\n\t\t\t\t\t\t\t\t<div class=\"elementor-column elementor-col-100 elementor-top-column elementor-element elementor-element-9862f67\" data-id=\"9862f67\" data-element_type=\"column\" data-e-type=\"column\">\r\n\r\n\t\t\t\t\r\n\t\t\t\t<div class=\"elementor-widget-wrap elementor-element-populated\">\r\n\t\t\t\t\t\t\t\t\t\t\r\n\t\t\t\t\t\t<div class=\"elementor-element elementor-element-f76e7ee elementor-widget elementor-widget-text-editor\" data-id=\"f76e7ee\" data-element_type=\"widget\" data-e-type=\"widget\" data-no-translation=\"\" data-widget_type=\"text-editor.default\">\n\t\t\t\t<div class=\"elementor-widget-container\">\n\t\t\t\t\t<style>.elementor-element-f76e7ee{display:none !important}<\/style>\t\t\t\t<\/div>\n\t\t\t\t<\/div>\n\t\t\t\t\t\t<\/div>\r\n\t\t\t\t<\/div>\r\n\t\t\t\t\t\t\t\t<\/div>\r\n\t\t\t<\/section>\r\n\t\t\t\t\t<\/div>","protected":false},"excerpt":{"rendered":"<p>Epilepsy is a common neurological disorder characterised by \u201can enduring predisposition to generate epileptic seizures and by the neurobiological, cognitive, psychological, and social consequences of this condition. The definition of epilepsy requires the occurrence of at least one epileptic seizure\u201d. A seizure is defined as \u201ca transient occurrence of signs and\/or symptoms due to abnormal [&hellip;]<\/p>\n","protected":false},"author":2,"featured_media":0,"parent":0,"menu_order":0,"comment_status":"closed","ping_status":"closed","template":"","meta":{"footnotes":""},"class_list":["post-3905","page","type-page","status-publish","hentry"],"yoast_head":"<!-- This site is optimized with the Yoast SEO plugin v27.5 - https:\/\/yoast.com\/product\/yoast-seo-wordpress\/ -->\n<title>What is Epilepsy - Epilepsy Power<\/title>\n<meta name=\"description\" content=\"What is Epilepsy? Epilepsy is a common neurological disorder characterised by \u201can enduring predisposition to generate epileptic seizures\" \/>\n<meta name=\"robots\" content=\"noindex, follow, max-snippet:-1, max-image-preview:large, max-video-preview:-1\" \/>\n<meta property=\"og:locale\" content=\"fr_FR\" \/>\n<meta property=\"og:type\" content=\"article\" \/>\n<meta property=\"og:title\" content=\"What is Epilepsy - Epilepsy Power\" \/>\n<meta property=\"og:description\" content=\"What is Epilepsy? Epilepsy is a common neurological disorder characterised by \u201can enduring predisposition to generate epileptic seizures\" \/>\n<meta property=\"og:url\" content=\"https:\/\/epilepsypower.indesign.it\/fr\/what-is-epilepsy-2\/\" \/>\n<meta property=\"og:site_name\" content=\"Epilepsy Power\" \/>\n<meta property=\"article:modified_time\" content=\"2025-02-05T15:34:56+00:00\" \/>\n<meta name=\"twitter:card\" content=\"summary_large_image\" \/>\n<meta name=\"twitter:label1\" content=\"Dur\u00e9e de lecture estim\u00e9e\" \/>\n\t<meta name=\"twitter:data1\" content=\"21 minutes\" \/>\n<script type=\"application\/ld+json\" class=\"yoast-schema-graph\">{\"@context\":\"https:\\\/\\\/schema.org\",\"@graph\":[{\"@type\":\"WebPage\",\"@id\":\"https:\\\/\\\/epilepsypower.indesign.it\\\/what-is-epilepsy-2\\\/\",\"url\":\"https:\\\/\\\/epilepsypower.indesign.it\\\/what-is-epilepsy-2\\\/\",\"name\":\"What is Epilepsy - Epilepsy Power\",\"isPartOf\":{\"@id\":\"https:\\\/\\\/epilepsypower.indesign.it\\\/#website\"},\"datePublished\":\"2024-12-05T14:27:11+00:00\",\"dateModified\":\"2025-02-05T15:34:56+00:00\",\"description\":\"What is Epilepsy? Epilepsy is a common neurological disorder characterised by \u201can enduring predisposition to generate epileptic seizures\",\"breadcrumb\":{\"@id\":\"https:\\\/\\\/epilepsypower.indesign.it\\\/what-is-epilepsy-2\\\/#breadcrumb\"},\"inLanguage\":\"fr-FR\",\"potentialAction\":[{\"@type\":\"ReadAction\",\"target\":[\"https:\\\/\\\/epilepsypower.indesign.it\\\/what-is-epilepsy-2\\\/\"]}]},{\"@type\":\"BreadcrumbList\",\"@id\":\"https:\\\/\\\/epilepsypower.indesign.it\\\/what-is-epilepsy-2\\\/#breadcrumb\",\"itemListElement\":[{\"@type\":\"ListItem\",\"position\":1,\"name\":\"Home\",\"item\":\"https:\\\/\\\/epilepsypower.indesign.it\\\/\"},{\"@type\":\"ListItem\",\"position\":2,\"name\":\"What is Epilepsy\"}]},{\"@type\":\"WebSite\",\"@id\":\"https:\\\/\\\/epilepsypower.indesign.it\\\/#website\",\"url\":\"https:\\\/\\\/epilepsypower.indesign.it\\\/\",\"name\":\"Epilepsy Power\",\"description\":\"Epilepsy Power\",\"publisher\":{\"@id\":\"https:\\\/\\\/epilepsypower.indesign.it\\\/#organization\"},\"potentialAction\":[{\"@type\":\"SearchAction\",\"target\":{\"@type\":\"EntryPoint\",\"urlTemplate\":\"https:\\\/\\\/epilepsypower.indesign.it\\\/?s={search_term_string}\"},\"query-input\":{\"@type\":\"PropertyValueSpecification\",\"valueRequired\":true,\"valueName\":\"search_term_string\"}}],\"inLanguage\":\"fr-FR\"},{\"@type\":\"Organization\",\"@id\":\"https:\\\/\\\/epilepsypower.indesign.it\\\/#organization\",\"name\":\"Epilepsy Power\",\"url\":\"https:\\\/\\\/epilepsypower.indesign.it\\\/\",\"logo\":{\"@type\":\"ImageObject\",\"inLanguage\":\"fr-FR\",\"@id\":\"https:\\\/\\\/epilepsypower.indesign.it\\\/#\\\/schema\\\/logo\\\/image\\\/\",\"url\":\"https:\\\/\\\/epilepsypower.indesign.it\\\/wp-content\\\/uploads\\\/2023\\\/04\\\/cropped-cropped-logo-epilepsy-power.png\",\"contentUrl\":\"https:\\\/\\\/epilepsypower.indesign.it\\\/wp-content\\\/uploads\\\/2023\\\/04\\\/cropped-cropped-logo-epilepsy-power.png\",\"width\":512,\"height\":512,\"caption\":\"Epilepsy Power\"},\"image\":{\"@id\":\"https:\\\/\\\/epilepsypower.indesign.it\\\/#\\\/schema\\\/logo\\\/image\\\/\"}}]}<\/script>\n<!-- \/ Yoast SEO plugin. -->","yoast_head_json":{"title":"What is Epilepsy - Epilepsy Power","description":"What is Epilepsy? Epilepsy is a common neurological disorder characterised by \u201can enduring predisposition to generate epileptic seizures","robots":{"index":"noindex","follow":"follow","max-snippet":"max-snippet:-1","max-image-preview":"max-image-preview:large","max-video-preview":"max-video-preview:-1"},"og_locale":"fr_FR","og_type":"article","og_title":"What is Epilepsy - Epilepsy Power","og_description":"What is Epilepsy? Epilepsy is a common neurological disorder characterised by \u201can enduring predisposition to generate epileptic seizures","og_url":"https:\/\/epilepsypower.indesign.it\/fr\/what-is-epilepsy-2\/","og_site_name":"Epilepsy Power","article_modified_time":"2025-02-05T15:34:56+00:00","twitter_card":"summary_large_image","twitter_misc":{"Dur\u00e9e de lecture estim\u00e9e":"21 minutes"},"schema":{"@context":"https:\/\/schema.org","@graph":[{"@type":"WebPage","@id":"https:\/\/epilepsypower.indesign.it\/what-is-epilepsy-2\/","url":"https:\/\/epilepsypower.indesign.it\/what-is-epilepsy-2\/","name":"What is Epilepsy - Epilepsy Power","isPartOf":{"@id":"https:\/\/epilepsypower.indesign.it\/#website"},"datePublished":"2024-12-05T14:27:11+00:00","dateModified":"2025-02-05T15:34:56+00:00","description":"What is Epilepsy? Epilepsy is a common neurological disorder characterised by \u201can enduring predisposition to generate epileptic seizures","breadcrumb":{"@id":"https:\/\/epilepsypower.indesign.it\/what-is-epilepsy-2\/#breadcrumb"},"inLanguage":"fr-FR","potentialAction":[{"@type":"ReadAction","target":["https:\/\/epilepsypower.indesign.it\/what-is-epilepsy-2\/"]}]},{"@type":"BreadcrumbList","@id":"https:\/\/epilepsypower.indesign.it\/what-is-epilepsy-2\/#breadcrumb","itemListElement":[{"@type":"ListItem","position":1,"name":"Home","item":"https:\/\/epilepsypower.indesign.it\/"},{"@type":"ListItem","position":2,"name":"What is Epilepsy"}]},{"@type":"WebSite","@id":"https:\/\/epilepsypower.indesign.it\/#website","url":"https:\/\/epilepsypower.indesign.it\/","name":"Epilepsy Power","description":"Epilepsy Power","publisher":{"@id":"https:\/\/epilepsypower.indesign.it\/#organization"},"potentialAction":[{"@type":"SearchAction","target":{"@type":"EntryPoint","urlTemplate":"https:\/\/epilepsypower.indesign.it\/?s={search_term_string}"},"query-input":{"@type":"PropertyValueSpecification","valueRequired":true,"valueName":"search_term_string"}}],"inLanguage":"fr-FR"},{"@type":"Organization","@id":"https:\/\/epilepsypower.indesign.it\/#organization","name":"Epilepsy Power","url":"https:\/\/epilepsypower.indesign.it\/","logo":{"@type":"ImageObject","inLanguage":"fr-FR","@id":"https:\/\/epilepsypower.indesign.it\/#\/schema\/logo\/image\/","url":"https:\/\/epilepsypower.indesign.it\/wp-content\/uploads\/2023\/04\/cropped-cropped-logo-epilepsy-power.png","contentUrl":"https:\/\/epilepsypower.indesign.it\/wp-content\/uploads\/2023\/04\/cropped-cropped-logo-epilepsy-power.png","width":512,"height":512,"caption":"Epilepsy Power"},"image":{"@id":"https:\/\/epilepsypower.indesign.it\/#\/schema\/logo\/image\/"}}]}},"_links":{"self":[{"href":"https:\/\/epilepsypower.indesign.it\/fr\/wp-json\/wp\/v2\/pages\/3905","targetHints":{"allow":["GET"]}}],"collection":[{"href":"https:\/\/epilepsypower.indesign.it\/fr\/wp-json\/wp\/v2\/pages"}],"about":[{"href":"https:\/\/epilepsypower.indesign.it\/fr\/wp-json\/wp\/v2\/types\/page"}],"author":[{"embeddable":true,"href":"https:\/\/epilepsypower.indesign.it\/fr\/wp-json\/wp\/v2\/users\/2"}],"replies":[{"embeddable":true,"href":"https:\/\/epilepsypower.indesign.it\/fr\/wp-json\/wp\/v2\/comments?post=3905"}],"version-history":[{"count":10,"href":"https:\/\/epilepsypower.indesign.it\/fr\/wp-json\/wp\/v2\/pages\/3905\/revisions"}],"predecessor-version":[{"id":6221,"href":"https:\/\/epilepsypower.indesign.it\/fr\/wp-json\/wp\/v2\/pages\/3905\/revisions\/6221"}],"wp:attachment":[{"href":"https:\/\/epilepsypower.indesign.it\/fr\/wp-json\/wp\/v2\/media?parent=3905"}],"curies":[{"name":"wp","href":"https:\/\/api.w.org\/{rel}","templated":true}]}}