{"id":2500,"date":"2024-03-11T13:38:16","date_gmt":"2024-03-11T12:38:16","guid":{"rendered":"https:\/\/epilepsypower.indesign.it\/?page_id=2500"},"modified":"2025-02-01T09:24:47","modified_gmt":"2025-02-01T08:24:47","slug":"lp1-final-test","status":"publish","type":"page","link":"https:\/\/epilepsypower.indesign.it\/it\/lp1-final-test\/","title":{"rendered":"Test finale LP1"},"content":{"rendered":"<div data-elementor-type=\"wp-page\" data-elementor-id=\"2500\" class=\"elementor elementor-2500\">\n\t\t\t\t\t\t<section class=\"elementor-section elementor-top-section elementor-element elementor-element-2de99351 elementor-section-boxed elementor-section-height-default elementor-section-height-default smart-sticky-default\" data-id=\"2de99351\" data-element_type=\"section\" data-e-type=\"section\">\r\n\t\t\t\t\t\t\t\t<div class=\"elementor-container elementor-column-gap-default\">\r\n\t\t\t\t\r\n\t\t\t\t\t\t\t\t<div class=\"elementor-column elementor-col-100 elementor-top-column elementor-element elementor-element-44908141\" data-id=\"44908141\" data-element_type=\"column\" data-e-type=\"column\">\r\n\r\n\t\t\t\t\r\n\t\t\t\t<div class=\"elementor-widget-wrap elementor-element-populated\">\r\n\t\t\t\t\t\t\t\t\t\t\r\n\t\t\t\t\t\t<div class=\"elementor-element elementor-element-1829ca98 elementor-widget elementor-widget-shortcode\" data-id=\"1829ca98\" data-element_type=\"widget\" data-e-type=\"widget\" data-widget_type=\"shortcode.default\">\n\t\t\t\t<div class=\"elementor-widget-container\">\n\t\t\t\t\t\t\t<div class=\"elementor-shortcode\"><style>\n\n\t.domanda {\n\t\tmargin: 20px 0;\n\t\tpaddin: 10px 0;\n\t}\n\n<\/style>\n\n\n\n\n<form name=\"quiz\" id=\"quiz\" method=\"post\" action=\"\">\n\t\n\t<h3>Si prega di completare il quiz per ottenere il certificato<\/h3>\n\t\n\t<input type=\"hidden\" id=\"post_nonce_field\" name=\"post_nonce_field\" value=\"a99db80806\" \/><input type=\"hidden\" name=\"_wp_http_referer\" value=\"\/it\/wp-json\/wp\/v2\/pages\/2500\" \/>\n\t<p><label for=\"name\">Nome*<\/label><br>\n\t<input type=\"text\" name=\"name_for_certificate\" required><\/p>\n\t\n\t<p><label for=\"name\">Cognome*<\/label><br>\n\t<input type=\"text\" name=\"surname_for_certificate\" required><\/p>\n\t\n\t\t\n\t<p><label for=\"company\">La tua azienda<\/label><br>\n\t\n\t\t<select name=\"company\"  style=\"min-height:50px !important;\">\n\t\t\t<option value=\"no\" selected> Nessuna <\/option>\n\t\t\t <option value=\"3\">3MIND<\/option> <option value=\"2\">Super Azienda S.r.l.<\/option>\t\t\t\n\t\t<\/select>\n\t\t\t\n\t<\/p>\n\t\t\n\t<p>\n\tAbbiamo bisogno solo del tuo nome e cognome per rilasciare il certificato finale, non li utilizzeremo per altri scopi.<br>\n\t<u>Il certificato sar\u00e0 disponibile solo per 1 ora dopo il completamento del quiz.<\/u>\n\t<\/p>\n\t\n\t<hr>\n\t\n\t\t<div class=\"domanda\">\n\t\t<strong>1. Come trovare opportunit\u00e0 di lavoro?<\/strong>\t<br>\n\t\t<label><input type=\"radio\" name=\"domande_quiz_DUE_quizid_5982\" value=\"A\" required> Portali di lavoro online e altri motori di ricerca di lavoro popolari come Indeed, LinkedIn, Glassdoor e Monster.<\/label><br>\n\t\t<label><input type=\"radio\" name=\"domande_quiz_DUE_quizid_5982\" value=\"B\"> Siti web aziendali, visitando la sezione carriere delle aziende che ti interessano. Molte organizzazioni hanno programmi di diversit\u00e0 e inclusione e si impegnano ad assumere persone con epilessia.<\/label><br>\n\t\t<label><input type=\"radio\" name=\"domande_quiz_DUE_quizid_5982\" value=\"C\"> Dipartimento del Lavoro del Ministero Nazionale e altri luoghi generici.<\/label><br>\n\t\t<label><input type=\"radio\" name=\"domande_quiz_DUE_quizid_5982\" value=\"D\"> Le risposte a) e b) sono corrette.<\/label><br>\n\t<\/div>\n\t<div class=\"domanda\">\n\t\t<strong>2. Tre domande centrali sono rilevanti per determinare l'idoneit\u00e0 di certe professioni. Le prime due sono se c'\u00e8 un rischio per il proprio benessere o per il benessere di altre persone? Qual \u00e8 il terzo punto?<\/strong>\t<br>\n\t\t<label><input type=\"radio\" name=\"domande_quiz_QUATTRO_quizid_6038\" value=\"A\" required> L'azienda ha esperienza nel trattare con dipendenti affetti da epilessia?<\/label><br>\n\t\t<label><input type=\"radio\" name=\"domande_quiz_QUATTRO_quizid_6038\" value=\"B\"> Il datore di lavoro ha un'identit\u00e0 inclusiva?<\/label><br>\n\t\t<label><input type=\"radio\" name=\"domande_quiz_QUATTRO_quizid_6038\" value=\"C\"> \u00c8 prevista una riduzione delle prestazioni a causa dell'epilessia?<\/label><br>\n\t\t<label><input type=\"radio\" name=\"domande_quiz_QUATTRO_quizid_6038\" value=\"D\"> Il ruolo offre sufficiente flessibilit\u00e0 per bilanciare lavoro e vita privata?<\/label><br>\n\t<\/div>\n\t<div class=\"domanda\">\n\t\t<strong>3. Quale affermazione sull'idoneit\u00e0 dei lavori per le persone affette da epilessia \u00e8 vera?<\/strong>\t<br>\n\t\t<label><input type=\"radio\" name=\"domande_quiz_CINQUE_quizid_6038\" value=\"A\" required> Esistono elenchi chiari di professioni che non possono essere esercitate con l'epilessia. Altre professioni possono essere esercitate senza alcuna restrizione.<\/label><br>\n\t\t<label><input type=\"radio\" name=\"domande_quiz_CINQUE_quizid_6038\" value=\"B\"> Il fattore chiave \u00e8 se una persona soffre di crisi epilettiche. Se la persona \u00e8 libera da crisi epilettiche da diversi anni, pu\u00f2 scegliere un'occupazione senza preoccupazioni.<\/label><br>\n\t\t<label><input type=\"radio\" name=\"domande_quiz_CINQUE_quizid_6038\" value=\"C\"> L'epilessia si manifesta in molte forme e, nella scelta di una professione, \u00e8 fondamentale analizzare attentamente le conseguenze individuali.<\/label><br>\n\t\t<label><input type=\"radio\" name=\"domande_quiz_CINQUE_quizid_6038\" value=\"D\"> Le persone affette da epilessia dovrebbero prendere in considerazione solo lavori d'ufficio, poich\u00e9 i lavori fisici sono generalmente pericolosi per loro.<\/label><br>\n\t<\/div>\n\t<div class=\"domanda\">\n\t\t<strong>4. Perch\u00e9 \u00e8 importante conoscere il quadro giuridico vigente nel mio Paese per lavorare con l'epilessia?<\/strong>\t<br>\n\t\t<label><input type=\"radio\" name=\"domande_quiz_SEI_quizid_6038\" value=\"A\" required> Conoscere i limiti legali delle mie opportunit\u00e0 sul mercato del lavoro.<\/label><br>\n\t\t<label><input type=\"radio\" name=\"domande_quiz_SEI_quizid_6038\" value=\"B\"> Conoscere i possibili diritti al sostegno per le persone affette da epilessia.<\/label><br>\n\t\t<label><input type=\"radio\" name=\"domande_quiz_SEI_quizid_6038\" value=\"C\"> Sia a) che b) sono corrette. Inoltre, sono in grado di comunicare con sicurezza durante il processo di reclutamento e non attribuisco l'intera responsabilit\u00e0 per le questioni legali al datore di lavoro.<\/label><br>\n\t\t<label><input type=\"radio\" name=\"domande_quiz_SEI_quizid_6038\" value=\"D\"> Scoprire se la mia epilessia mi consente di usufruire di un periodo di malattia illimitato e senza conseguenze.<\/label><br>\n\t<\/div>\n\t<div class=\"domanda\">\n\t\t<strong>5. Quale ordine raccomandiamo nel processo di orientamento alla carriera?<\/strong>\t<br>\n\t\t<label><input type=\"radio\" name=\"domande_quiz_NOVE_quizid_6038\" value=\"A\" required> In primo luogo, gestire i propri desideri. In secondo luogo, venire a patti con i propri limiti. In terzo luogo, gestire diritti, obblighi e possibilit\u00e0 di supporto.<\/label><br>\n\t\t<label><input type=\"radio\" name=\"domande_quiz_NOVE_quizid_6038\" value=\"B\"> In primo luogo, gestire i propri limiti. In secondo luogo, gestire i propri desideri e in terzo luogo gestire diritti, obblighi e possibilit\u00e0 di Supporto.<\/label><br>\n\t\t<label><input type=\"radio\" name=\"domande_quiz_NOVE_quizid_6038\" value=\"C\"> In primo luogo, affrontare le possibilit\u00e0 di supporto, i diritti e gli obblighi. In secondo luogo, affrontare i propri desideri e in terzo luogo affrontare i propri limiti.<\/label><br>\n\t\t<label><input type=\"radio\" name=\"domande_quiz_NOVE_quizid_6038\" value=\"D\"> Innanzitutto, concentrandoti su ci\u00f2 che gli altri si aspettano da te. In secondo luogo, valutando i tuoi limiti. In terzo luogo, determinando i tuoi desideri.<\/label><br>\n\t<\/div>\n\t<div class=\"domanda\">\n\t\t<strong>6. Quale affermazione sui gruppi di auto-aiuto \u00e8 vera?<\/strong>\t<br>\n\t\t<label><input type=\"radio\" name=\"domande_quiz_DIECI_quizid_6038\" value=\"A\" required> I gruppi di auto-aiuto sono raramente utili per prendere decisioni serie sulla carriera. Non c'\u00e8 sostituto per i professionisti qualificati quando si tratta di consulenza.<\/label><br>\n\t\t<label><input type=\"radio\" name=\"domande_quiz_DIECI_quizid_6038\" value=\"B\"> I gruppi di auto-aiuto sono pi\u00f9 adatti alle sfide non legate al lavoro.<\/label><br>\n\t\t<label><input type=\"radio\" name=\"domande_quiz_DIECI_quizid_6038\" value=\"C\"> I gruppi di auto-aiuto sono eccellenti per l'orientamento professionale perch\u00e9 possono aiutare a rafforzare l'autostima e a contrastare i pregiudizi sociali.<\/label><br>\n\t\t<label><input type=\"radio\" name=\"domande_quiz_DIECI_quizid_6038\" value=\"D\"> I gruppi di auto-aiuto forniscono solo supporto sociale e non hanno alcun impatto sulle decisioni di carriera.<\/label><br>\n\t<\/div>\n\t<div class=\"domanda\">\n\t\t<strong>7. I quadri giuridici internazionali ed europei garantiscono automaticamente pari opportunit\u00e0 alle persone con disabilit\u00e0 in tutti gli Stati membri.<\/strong>\t<br>\n\t\t<label><input type=\"radio\" name=\"domande_quiz_SEI_quizid_6057\" value=\"A\" required> Vero: i quadri giuridici internazionali ed europei garantiscono pari opportunit\u00e0 alle persone con disabilit\u00e0 in tutti gli Stati membri.<\/label><br>\n\t\t<label><input type=\"radio\" name=\"domande_quiz_SEI_quizid_6057\" value=\"B\"> Falso: i quadri giuridici internazionali ed europei non garantiscono pari opportunit\u00e0 alle persone con disabilit\u00e0 in tutti gli Stati membri.<\/label><br>\n\t\t<label><input type=\"radio\" name=\"domande_quiz_SEI_quizid_6057\" value=\"C\"> Vero e falso: questa affermazione \u00e8 ambigua perch\u00e9, sebbene i quadri giuridici internazionali ed europei stabiliscano standard per le pari opportunit\u00e0, la loro attuazione ed efficacia variano considerevolmente da uno Stato membro all'altro. Esistono disparit\u00e0 in termini di risorse, volont\u00e0 politica e pratiche culturali.<\/label><br>\n\t\t<label><input type=\"radio\" name=\"domande_quiz_SEI_quizid_6057\" value=\"D\"> Vero: i quadri giuridici internazionali ed europei garantiscono pari opportunit\u00e0 per le persone con disabilit\u00e0 negli Stati membri, grazie a un organo di monitoraggio internazionale che sanziona gli stati non conformi.<\/label><br>\n\t<\/div>\n\t<div class=\"domanda\">\n\t\t<strong>8. Perch\u00e9 \u00e8 importante discutere apertamente dell'epilessia sul posto di lavoro?<\/strong>\t<br>\n\t\t<label><input type=\"radio\" name=\"domande_quiz_TRE_quizid_6118\" value=\"A\" required> Aiuta ad aumentare la consapevolezza e a ridurre lo stigma<\/label><br>\n\t\t<label><input type=\"radio\" name=\"domande_quiz_TRE_quizid_6118\" value=\"B\"> Genera maggiori entrate per l'azienda<\/label><br>\n\t\t<label><input type=\"radio\" name=\"domande_quiz_TRE_quizid_6118\" value=\"C\"> Aiuta i colleghi a evitare di coinvolgere le persone con epilessia nel lavoro di squadra<\/label><br>\n\t\t<label><input type=\"radio\" name=\"domande_quiz_TRE_quizid_6118\" value=\"D\"> La legge impone alle societ\u00e0 di avere tali discussioni<\/label><br>\n\t<\/div>\n\t<div class=\"domanda\">\n\t\t<strong>9. Cosa possono ottenere le persone con epilessia dalla formazione continua sulla loro condizione?<\/strong>\t<br>\n\t\t<label><input type=\"radio\" name=\"domande_quiz_SETTE_quizid_6118\" value=\"A\" required> La capacit\u00e0 di nascondere la propria epilessia in modo pi\u00f9 efficace<\/label><br>\n\t\t<label><input type=\"radio\" name=\"domande_quiz_SETTE_quizid_6118\" value=\"B\"> Aumento dell'isolamento e dei sentimenti di solitudine<\/label><br>\n\t\t<label><input type=\"radio\" name=\"domande_quiz_SETTE_quizid_6118\" value=\"C\"> Una migliore comprensione delle loro esigenze uniche e una maggiore fiducia in s\u00e9 stessi<\/label><br>\n\t\t<label><input type=\"radio\" name=\"domande_quiz_SETTE_quizid_6118\" value=\"D\"> La capacit\u00e0 di diffondere idee sbagliate sull'epilessia<\/label><br>\n\t<\/div>\n\t<div class=\"domanda\">\n\t\t<strong>10. In questo modulo, quale strategia di networking \u00e8 consigliata per le persone con epilessia?<\/strong>\t<br>\n\t\t<label><input type=\"radio\" name=\"domande_quiz_TRE_quizid_6160\" value=\"A\" required> Far parte di gruppi di supporto alla carriera specifici per la disabilit\u00e0 o organizzazioni di supporto all'epilessia<\/label><br>\n\t\t<label><input type=\"radio\" name=\"domande_quiz_TRE_quizid_6160\" value=\"B\"> Limitare le interazioni sui social media<\/label><br>\n\t\t<label><input type=\"radio\" name=\"domande_quiz_TRE_quizid_6160\" value=\"C\"> Non divulgare dell'epilessia nei moduli di iscrizione\/nei CV<\/label><br>\n\t\t<label><input type=\"radio\" name=\"domande_quiz_TRE_quizid_6160\" value=\"D\"> Evitare l'appartenenza a organizzazioni di supporto per l'epilessia<\/label><br>\n\t<\/div>\n    <p>\n\t<input type=\"submit\" class=\"btn\" value=\"INVIA\" name=\"submit_post\">\n\t<\/p>\n\n\n<input type=\"hidden\" name=\"trp-form-language\" value=\"it\"\/><\/form>\n    \n    \t\n\t\n\n\n\n<\/div>\n\t\t\t\t\t\t<\/div>\n\t\t\t\t<\/div>\n\t\t\t\t\t\t<\/div>\r\n\t\t\t\t<\/div>\r\n\t\t\t\t\t\t\t\t<\/div>\r\n\t\t\t<\/section>\r\n\t\t\t\t\t<\/div>","protected":false},"excerpt":{"rendered":"","protected":false},"author":1,"featured_media":0,"parent":0,"menu_order":0,"comment_status":"closed","ping_status":"closed","template":"","meta":{"footnotes":""},"class_list":["post-2500","page","type-page","status-publish","hentry"],"yoast_head":"<!-- This site is optimized with the Yoast SEO plugin v27.5 - https:\/\/yoast.com\/product\/yoast-seo-wordpress\/ -->\n<title>LP1 Final Test - Epilepsy Power<\/title>\n<meta name=\"robots\" content=\"noindex, follow, max-snippet:-1, max-image-preview:large, max-video-preview:-1\" \/>\n<meta property=\"og:locale\" content=\"it_IT\" \/>\n<meta property=\"og:type\" content=\"article\" \/>\n<meta property=\"og:title\" content=\"LP1 Final Test - Epilepsy Power\" \/>\n<meta property=\"og:url\" content=\"https:\/\/epilepsypower.indesign.it\/it\/lp1-final-test\/\" \/>\n<meta property=\"og:site_name\" content=\"Epilepsy Power\" \/>\n<meta property=\"article:modified_time\" content=\"2025-02-01T08:24:47+00:00\" \/>\n<meta name=\"twitter:card\" content=\"summary_large_image\" \/>\n<script type=\"application\/ld+json\" class=\"yoast-schema-graph\">{\"@context\":\"https:\\\/\\\/schema.org\",\"@graph\":[{\"@type\":\"WebPage\",\"@id\":\"https:\\\/\\\/epilepsypower.indesign.it\\\/lp1-final-test\\\/\",\"url\":\"https:\\\/\\\/epilepsypower.indesign.it\\\/lp1-final-test\\\/\",\"name\":\"LP1 Final Test - Epilepsy Power\",\"isPartOf\":{\"@id\":\"https:\\\/\\\/epilepsypower.indesign.it\\\/#website\"},\"datePublished\":\"2024-03-11T12:38:16+00:00\",\"dateModified\":\"2025-02-01T08:24:47+00:00\",\"breadcrumb\":{\"@id\":\"https:\\\/\\\/epilepsypower.indesign.it\\\/lp1-final-test\\\/#breadcrumb\"},\"inLanguage\":\"it-IT\",\"potentialAction\":[{\"@type\":\"ReadAction\",\"target\":[\"https:\\\/\\\/epilepsypower.indesign.it\\\/lp1-final-test\\\/\"]}]},{\"@type\":\"BreadcrumbList\",\"@id\":\"https:\\\/\\\/epilepsypower.indesign.it\\\/lp1-final-test\\\/#breadcrumb\",\"itemListElement\":[{\"@type\":\"ListItem\",\"position\":1,\"name\":\"Home\",\"item\":\"https:\\\/\\\/epilepsypower.indesign.it\\\/\"},{\"@type\":\"ListItem\",\"position\":2,\"name\":\"LP1 Final Test\"}]},{\"@type\":\"WebSite\",\"@id\":\"https:\\\/\\\/epilepsypower.indesign.it\\\/#website\",\"url\":\"https:\\\/\\\/epilepsypower.indesign.it\\\/\",\"name\":\"Epilepsy Power\",\"description\":\"Epilepsy Power\",\"publisher\":{\"@id\":\"https:\\\/\\\/epilepsypower.indesign.it\\\/#organization\"},\"potentialAction\":[{\"@type\":\"SearchAction\",\"target\":{\"@type\":\"EntryPoint\",\"urlTemplate\":\"https:\\\/\\\/epilepsypower.indesign.it\\\/?s={search_term_string}\"},\"query-input\":{\"@type\":\"PropertyValueSpecification\",\"valueRequired\":true,\"valueName\":\"search_term_string\"}}],\"inLanguage\":\"it-IT\"},{\"@type\":\"Organization\",\"@id\":\"https:\\\/\\\/epilepsypower.indesign.it\\\/#organization\",\"name\":\"Epilepsy Power\",\"url\":\"https:\\\/\\\/epilepsypower.indesign.it\\\/\",\"logo\":{\"@type\":\"ImageObject\",\"inLanguage\":\"it-IT\",\"@id\":\"https:\\\/\\\/epilepsypower.indesign.it\\\/#\\\/schema\\\/logo\\\/image\\\/\",\"url\":\"https:\\\/\\\/epilepsypower.indesign.it\\\/wp-content\\\/uploads\\\/2023\\\/04\\\/cropped-cropped-logo-epilepsy-power.png\",\"contentUrl\":\"https:\\\/\\\/epilepsypower.indesign.it\\\/wp-content\\\/uploads\\\/2023\\\/04\\\/cropped-cropped-logo-epilepsy-power.png\",\"width\":512,\"height\":512,\"caption\":\"Epilepsy Power\"},\"image\":{\"@id\":\"https:\\\/\\\/epilepsypower.indesign.it\\\/#\\\/schema\\\/logo\\\/image\\\/\"}}]}<\/script>\n<!-- \/ Yoast SEO plugin. -->","yoast_head_json":{"title":"LP1 Final Test - Epilepsy Power","robots":{"index":"noindex","follow":"follow","max-snippet":"max-snippet:-1","max-image-preview":"max-image-preview:large","max-video-preview":"max-video-preview:-1"},"og_locale":"it_IT","og_type":"article","og_title":"LP1 Final Test - Epilepsy Power","og_url":"https:\/\/epilepsypower.indesign.it\/it\/lp1-final-test\/","og_site_name":"Epilepsy Power","article_modified_time":"2025-02-01T08:24:47+00:00","twitter_card":"summary_large_image","schema":{"@context":"https:\/\/schema.org","@graph":[{"@type":"WebPage","@id":"https:\/\/epilepsypower.indesign.it\/lp1-final-test\/","url":"https:\/\/epilepsypower.indesign.it\/lp1-final-test\/","name":"LP1 Final Test - Epilepsy Power","isPartOf":{"@id":"https:\/\/epilepsypower.indesign.it\/#website"},"datePublished":"2024-03-11T12:38:16+00:00","dateModified":"2025-02-01T08:24:47+00:00","breadcrumb":{"@id":"https:\/\/epilepsypower.indesign.it\/lp1-final-test\/#breadcrumb"},"inLanguage":"it-IT","potentialAction":[{"@type":"ReadAction","target":["https:\/\/epilepsypower.indesign.it\/lp1-final-test\/"]}]},{"@type":"BreadcrumbList","@id":"https:\/\/epilepsypower.indesign.it\/lp1-final-test\/#breadcrumb","itemListElement":[{"@type":"ListItem","position":1,"name":"Home","item":"https:\/\/epilepsypower.indesign.it\/"},{"@type":"ListItem","position":2,"name":"LP1 Final Test"}]},{"@type":"WebSite","@id":"https:\/\/epilepsypower.indesign.it\/#website","url":"https:\/\/epilepsypower.indesign.it\/","name":"Epilepsy Power","description":"Epilepsy Power","publisher":{"@id":"https:\/\/epilepsypower.indesign.it\/#organization"},"potentialAction":[{"@type":"SearchAction","target":{"@type":"EntryPoint","urlTemplate":"https:\/\/epilepsypower.indesign.it\/?s={search_term_string}"},"query-input":{"@type":"PropertyValueSpecification","valueRequired":true,"valueName":"search_term_string"}}],"inLanguage":"it-IT"},{"@type":"Organization","@id":"https:\/\/epilepsypower.indesign.it\/#organization","name":"Epilepsy Power","url":"https:\/\/epilepsypower.indesign.it\/","logo":{"@type":"ImageObject","inLanguage":"it-IT","@id":"https:\/\/epilepsypower.indesign.it\/#\/schema\/logo\/image\/","url":"https:\/\/epilepsypower.indesign.it\/wp-content\/uploads\/2023\/04\/cropped-cropped-logo-epilepsy-power.png","contentUrl":"https:\/\/epilepsypower.indesign.it\/wp-content\/uploads\/2023\/04\/cropped-cropped-logo-epilepsy-power.png","width":512,"height":512,"caption":"Epilepsy Power"},"image":{"@id":"https:\/\/epilepsypower.indesign.it\/#\/schema\/logo\/image\/"}}]}},"_links":{"self":[{"href":"https:\/\/epilepsypower.indesign.it\/it\/wp-json\/wp\/v2\/pages\/2500","targetHints":{"allow":["GET"]}}],"collection":[{"href":"https:\/\/epilepsypower.indesign.it\/it\/wp-json\/wp\/v2\/pages"}],"about":[{"href":"https:\/\/epilepsypower.indesign.it\/it\/wp-json\/wp\/v2\/types\/page"}],"author":[{"embeddable":true,"href":"https:\/\/epilepsypower.indesign.it\/it\/wp-json\/wp\/v2\/users\/1"}],"replies":[{"embeddable":true,"href":"https:\/\/epilepsypower.indesign.it\/it\/wp-json\/wp\/v2\/comments?post=2500"}],"version-history":[{"count":9,"href":"https:\/\/epilepsypower.indesign.it\/it\/wp-json\/wp\/v2\/pages\/2500\/revisions"}],"predecessor-version":[{"id":6193,"href":"https:\/\/epilepsypower.indesign.it\/it\/wp-json\/wp\/v2\/pages\/2500\/revisions\/6193"}],"wp:attachment":[{"href":"https:\/\/epilepsypower.indesign.it\/it\/wp-json\/wp\/v2\/media?parent=2500"}],"curies":[{"name":"wp","href":"https:\/\/api.w.org\/{rel}","templated":true}]}}